{"id":120,"date":"2025-10-17T13:51:22","date_gmt":"2025-10-17T11:51:22","guid":{"rendered":"http:\/\/grupos.unican.es\/ahir\/?page_id=120"},"modified":"2025-10-17T13:51:22","modified_gmt":"2025-10-17T11:51:22","slug":"120-2","status":"publish","type":"page","link":"https:\/\/grupos.unican.es\/ahir\/proyectos-de-investigacion\/120-2\/","title":{"rendered":""},"content":{"rendered":"<h5><span style=\"color: #008080;\">Formas de la pol\u00e9mica en la literatura cristiana antigua (ss. II-V). Del di\u00e1logo a la <em>altercatio<\/em> (FFI2015-65453-P) <\/span><\/h5>\n<h5>Investigador principal:\u00a0<strong>Juana M\u00aa Torres.<\/strong><\/h5>\n<h6><strong>Integrantes<\/strong>:<\/h6>\n<p><strong>Miembros del Equipo de Investigaci\u00f3n:\u00a0<\/strong>Ram\u00f3n Teja Casuso y Luis Pomer Monferrer.<\/p>\n<p><strong>Miembros del Equipo de Trabajo:\u00a0<\/strong>Emanuela Prinzivalli, Rossana Barcellona y Carla Seti\u00e9n Garc\u00eda.<\/p>\n<h5>Entidad financiadora:<\/h5>\n<p>Ministerio de Econom\u00eda y Competitividad. Programa Estatal de Fomento de la Investigaci\u00f3n Cient\u00edfica y T\u00e9cnica de Excelencia<\/p>\n<p><strong>Duraci\u00f3n<\/strong>: desde 01\/01\/2016 hasta 31\/12\/2018.<\/p>\n<p style=\"text-align: justify;\"><strong>Resumen<\/strong>:\u00a0El objetivo de este proyecto consiste en estudiar la ubicaci\u00f3n de la pol\u00e9mica en el sistema literario del cristianismo antiguo y sus relaciones con los g\u00e9neros m\u00e1s cercanos, especialmente el di\u00e1logo. En la Antig\u00fcedad tard\u00eda el di\u00e1logo filos\u00f3fico de los autores cl\u00e1sicos como Plat\u00f3n o Cicer\u00f3n se transform\u00f3 en di\u00e1logo religioso en defensa de la doctrina cristiana frente a la filosof\u00eda pagana, al juda\u00edsmo y a las herej\u00edas.\u00a0 Se estudiar\u00e1 aqu\u00ed la reutilizaci\u00f3n de esas formas literarias de la Antig\u00fcedad cl\u00e1sica y jud\u00eda, en continua tensi\u00f3n dial\u00e9ctica entre tradici\u00f3n e innovaci\u00f3n, para establecer las aportaciones de tipo estructural, l\u00e9xico y argumentativo que configuraron una tradici\u00f3n propia, sin olvidar las reminiscencias del di\u00e1logo cl\u00e1sico que siempre sirvi\u00f3 de modelo. Para llevar a cabo este estudio tendremos en cuenta como primer criterio de selecci\u00f3n las obras cristianas en cuyo t\u00edtulo aparece el t\u00e9rmino \u00abdialogus\/dialogos\u00bb o alg\u00fan otro sin\u00f3nimo, para examinar minuciosamente el texto en su versi\u00f3n griega o latina, y determinar si el t\u00edtulo con el que se nos han conservado responde realmente a esa categor\u00eda, puesto que generalmente no conocemos el t\u00edtulo original utilizado por su autor.<\/p>\n","protected":false},"excerpt":{"rendered":"<p>Formas de la pol\u00e9mica en la literatura cristiana antigua (ss. II-V). Del di\u00e1logo a la altercatio (FFI2015-65453-P) Investigador principal:\u00a0Juana M\u00aa Torres. Integrantes: Miembros del Equipo de Investigaci\u00f3n:\u00a0Ram\u00f3n Teja Casuso y Luis Pomer Monferrer. Miembros del Equipo de Trabajo:\u00a0Emanuela Prinzivalli, Rossana Barcellona y Carla Seti\u00e9n Garc\u00eda. Entidad financiadora: Ministerio de Econom\u00eda y Competitividad. Programa Estatal de &hellip; <a href=\"https:\/\/grupos.unican.es\/ahir\/proyectos-de-investigacion\/120-2\/\" class=\"more-link\">Continuar leyendo<span class=\"screen-reader-text\"> \u00ab\u00bb<\/span><\/a><\/p>\n","protected":false},"author":1,"featured_media":0,"parent":18,"menu_order":0,"comment_status":"closed","ping_status":"closed","template":"","meta":{"footnotes":""},"class_list":["post-120","page","type-page","status-publish","hentry"],"_links":{"self":[{"href":"https:\/\/grupos.unican.es\/ahir\/wp-json\/wp\/v2\/pages\/120","targetHints":{"allow":["GET"]}}],"collection":[{"href":"https:\/\/grupos.unican.es\/ahir\/wp-json\/wp\/v2\/pages"}],"about":[{"href":"https:\/\/grupos.unican.es\/ahir\/wp-json\/wp\/v2\/types\/page"}],"author":[{"embeddable":true,"href":"https:\/\/grupos.unican.es\/ahir\/wp-json\/wp\/v2\/users\/1"}],"replies":[{"embeddable":true,"href":"https:\/\/grupos.unican.es\/ahir\/wp-json\/wp\/v2\/comments?post=120"}],"version-history":[{"count":5,"href":"https:\/\/grupos.unican.es\/ahir\/wp-json\/wp\/v2\/pages\/120\/revisions"}],"predecessor-version":[{"id":326,"href":"https:\/\/grupos.unican.es\/ahir\/wp-json\/wp\/v2\/pages\/120\/revisions\/326"}],"up":[{"embeddable":true,"href":"https:\/\/grupos.unican.es\/ahir\/wp-json\/wp\/v2\/pages\/18"}],"wp:attachment":[{"href":"https:\/\/grupos.unican.es\/ahir\/wp-json\/wp\/v2\/media?parent=120"}],"curies":[{"name":"wp","href":"https:\/\/api.w.org\/{rel}","templated":true}]}}