{"id":335,"date":"2025-10-17T13:51:15","date_gmt":"2025-10-17T11:51:15","guid":{"rendered":"http:\/\/grupos.unican.es\/ahir\/?page_id=335"},"modified":"2025-10-17T13:51:15","modified_gmt":"2025-10-17T11:51:15","slug":"335-2","status":"publish","type":"page","link":"https:\/\/grupos.unican.es\/ahir\/335-2\/","title":{"rendered":""},"content":{"rendered":"<h5 style=\"text-align: justify;\"><strong><span style=\"color: #008080;\">Un imperio en movimiento: Web-SIG epigr\u00e1fica y an\u00e1lisis hist\u00f3rico de la circulaci\u00f3n de personas en el Occidente romano (HAR2017-84711-P)\u00a0<\/span><\/strong><\/h5>\n<h5>Investigadora principal:<\/h5>\n<p>Alicia Ruiz<\/p>\n<h5>Entidad financiadora:<\/h5>\n<p>MINECO.\u00a0PROGRAMA ESTATAL DE FOMENTO DE LA INVESTIGACI\u00d3N CIENT\u00cdFICA Y T\u00c9CNICA DE EXCELENCIA,\u00a0SUBPROGRAMA ESTATAL DE GENERACI\u00d3N DEL CONOCIMIENTO. CONVOCATORIA 2017.<\/p>\n<p><strong>Duraci\u00f3n<\/strong>: 01\/01\/2018-31\/12\/2021.<\/p>\n<p style=\"text-align: justify;\"><strong>Resumen<\/strong>:<\/p>\n","protected":false},"excerpt":{"rendered":"<p>Un imperio en movimiento: Web-SIG epigr\u00e1fica y an\u00e1lisis hist\u00f3rico de la circulaci\u00f3n de personas en el Occidente romano (HAR2017-84711-P)\u00a0 Investigadora principal: Alicia Ruiz Entidad financiadora: MINECO.\u00a0PROGRAMA ESTATAL DE FOMENTO DE LA INVESTIGACI\u00d3N CIENT\u00cdFICA Y T\u00c9CNICA DE EXCELENCIA,\u00a0SUBPROGRAMA ESTATAL DE GENERACI\u00d3N DEL CONOCIMIENTO. CONVOCATORIA 2017. Duraci\u00f3n: 01\/01\/2018-31\/12\/2021. Resumen:<\/p>\n","protected":false},"author":1,"featured_media":0,"parent":0,"menu_order":0,"comment_status":"closed","ping_status":"closed","template":"","meta":{"footnotes":""},"class_list":["post-335","page","type-page","status-publish","hentry"],"_links":{"self":[{"href":"https:\/\/grupos.unican.es\/ahir\/wp-json\/wp\/v2\/pages\/335","targetHints":{"allow":["GET"]}}],"collection":[{"href":"https:\/\/grupos.unican.es\/ahir\/wp-json\/wp\/v2\/pages"}],"about":[{"href":"https:\/\/grupos.unican.es\/ahir\/wp-json\/wp\/v2\/types\/page"}],"author":[{"embeddable":true,"href":"https:\/\/grupos.unican.es\/ahir\/wp-json\/wp\/v2\/users\/1"}],"replies":[{"embeddable":true,"href":"https:\/\/grupos.unican.es\/ahir\/wp-json\/wp\/v2\/comments?post=335"}],"version-history":[{"count":3,"href":"https:\/\/grupos.unican.es\/ahir\/wp-json\/wp\/v2\/pages\/335\/revisions"}],"predecessor-version":[{"id":342,"href":"https:\/\/grupos.unican.es\/ahir\/wp-json\/wp\/v2\/pages\/335\/revisions\/342"}],"wp:attachment":[{"href":"https:\/\/grupos.unican.es\/ahir\/wp-json\/wp\/v2\/media?parent=335"}],"curies":[{"name":"wp","href":"https:\/\/api.w.org\/{rel}","templated":true}]}}