{"id":336,"date":"2025-10-17T13:51:15","date_gmt":"2025-10-17T11:51:15","guid":{"rendered":"http:\/\/grupos.unican.es\/ahir\/?page_id=336"},"modified":"2025-10-17T13:51:15","modified_gmt":"2025-10-17T11:51:15","slug":"336-2","status":"publish","type":"page","link":"https:\/\/grupos.unican.es\/ahir\/336-2\/","title":{"rendered":""},"content":{"rendered":"<h5 style=\"text-align: justify;\"><strong><span style=\"color: #008080;\"><em>Ficta Vitro Lapis<\/em>: Las imitaciones de piedras en vidrio en la Hispania romana (HAR2015-64142-P)\u00a0 (MINECO\/FEDER)<\/span><\/strong><\/h5>\n<h5>Investigador principal:<\/h5>\n<p>Miguel Cisneros<\/p>\n<h6 style=\"text-align: justify;\">Integrantes:<\/h6>\n<p style=\"text-align: justify;\">Jes\u00fas Seti\u00e9n Marqu\u00ednez, Alfredo Pedro Encuentra Ortega, Maria\u00a0del Pilar Caldera de Castro, Emili Revilla Cubero, Romana Erice Lacabe, Juan Paz Peralta,\u00a0Fabrizio Antonelli, Anna Guti\u00e9rrez.<\/p>\n<h5>Entidad financiadora:<\/h5>\n<p>Proyecto I+D, Programa estatal de fomento de la investigaci\u00f3n cient\u00edfica y t\u00e9cnica de excelencia, subprograma estatal de generaci\u00f3n de conocimiento. Ministerio de Econom\u00eda y Competitividad.<\/p>\n<p><strong>Duraci\u00f3n<\/strong>:\u00a0desde 01\/01\/2016 hasta 31\/12\/2018.<\/p>\n<p style=\"text-align: justify;\"><strong>Resumen<\/strong>: El proyecto tiene como objetivo principal identificar las imitaciones de piedras ornamentales y (semi)preciosas en vidrios. El periodo analizado corresponde al de su m\u00e1xima eclosi\u00f3n y representaci\u00f3n: \u00e9poca imperial romana, especialmente durante los emperadores Julio-Claudios, entre Augusto y Ner\u00f3n, hasta el siglo IV. El \u00e1rea geogr\u00e1fica de estudio se centra en Hispania, en los yacimientos de: Caesar Augusta, Augusta Emerita, Colonia Celsa y Barcino, que han proporcionado importantes estratigraf\u00edas, especialmente del siglo I d. C., y cuyos materiales se encuentran depositados principalmente, aunque no exclusivamente, en los museos de: Zaragoza, Nacional de Arte Romano de M\u00e9rida y de Hist\u00f2ria de Barcelona, adem\u00e1s del Museo Arqueol\u00f3gico Nacional de Madrid, con fondos especialmente importantes en este tipo de producciones. El fen\u00f3meno, conocido como \u00abesqueuomorfismo\u00bb, que por definici\u00f3n es la imitaci\u00f3n de un material en otro, conlleva que lo que son elementos estructurales en el original pasan a ser rasgos decorativos en la imitaci\u00f3n. Fue muy frecuente en recipientes para vajilla de mesa, contenedores de medicamenta y toilette, orfebrer\u00eda, y apliques para revestimientos en arquitectura. Su origen se remonta al III milenio a.C., siendo los primeros objetos de vidrio fabricados abalorios azules que imitaban piedras semipreciosas -lapisl\u00e1zuli y turquesa-, con un desarrollo ininterrumpido. Las alusiones a imitaciones de algunos vidrios a piedras en la bibliograf\u00eda son puntuales, espor\u00e1dicas y generales, por lo que la investigaci\u00f3n nace con vocaci\u00f3n de in\u00e9dita. Los representativos hallazgos, amplia difusi\u00f3n, frecuencia, importancia y valor crean la necesidad de generar esta nueva l\u00ednea de investigaci\u00f3n de la que a su vez parten otras v\u00edas tem\u00e1ticas cuyos resultados revierten y confluyen en una transversalidad cient\u00edfica destacada. El estudio se articula a partir de los siguientes ejes prioritarios: &#8211; La investigaci\u00f3n simult\u00e1nea y cruzada de: Piedras -Vidrios-Textos cl\u00e1sicos-An\u00e1lisis qu\u00edmicos y f\u00edsicos. &#8211; La contextualizaci\u00f3n espacio-temporal del fen\u00f3meno esqueuomorfo. &#8211; La creaci\u00f3n de una herramienta de aplicaci\u00f3n pr\u00e1ctica para el trabajo de laboratorio, sistematizada en una base de datos catalogr\u00e1fica abierta. &#8211; Conclusiones resultantes del estudio hist\u00f3rico en su globalidad: cronolog\u00edas, funciones, comercio, difusi\u00f3n, valor, significados de uso, interferencias tecnol\u00f3gicas, etc. &#8211; La difusi\u00f3n social diversificada y adaptada de la investigaci\u00f3n, con una proyecci\u00f3n de futuro hacia extensiones en otros materiales.<\/p>\n","protected":false},"excerpt":{"rendered":"<p>Ficta Vitro Lapis: Las imitaciones de piedras en vidrio en la Hispania romana (HAR2015-64142-P)\u00a0 (MINECO\/FEDER) Investigador principal: Miguel Cisneros Integrantes: Jes\u00fas Seti\u00e9n Marqu\u00ednez, Alfredo Pedro Encuentra Ortega, Maria\u00a0del Pilar Caldera de Castro, Emili Revilla Cubero, Romana Erice Lacabe, Juan Paz Peralta,\u00a0Fabrizio Antonelli, Anna Guti\u00e9rrez. Entidad financiadora: Proyecto I+D, Programa estatal de fomento de la investigaci\u00f3n &hellip; <a href=\"https:\/\/grupos.unican.es\/ahir\/336-2\/\" class=\"more-link\">Continuar leyendo<span class=\"screen-reader-text\"> \u00ab\u00bb<\/span><\/a><\/p>\n","protected":false},"author":1,"featured_media":0,"parent":0,"menu_order":0,"comment_status":"closed","ping_status":"closed","template":"","meta":{"footnotes":""},"class_list":["post-336","page","type-page","status-publish","hentry"],"_links":{"self":[{"href":"https:\/\/grupos.unican.es\/ahir\/wp-json\/wp\/v2\/pages\/336","targetHints":{"allow":["GET"]}}],"collection":[{"href":"https:\/\/grupos.unican.es\/ahir\/wp-json\/wp\/v2\/pages"}],"about":[{"href":"https:\/\/grupos.unican.es\/ahir\/wp-json\/wp\/v2\/types\/page"}],"author":[{"embeddable":true,"href":"https:\/\/grupos.unican.es\/ahir\/wp-json\/wp\/v2\/users\/1"}],"replies":[{"embeddable":true,"href":"https:\/\/grupos.unican.es\/ahir\/wp-json\/wp\/v2\/comments?post=336"}],"version-history":[{"count":1,"href":"https:\/\/grupos.unican.es\/ahir\/wp-json\/wp\/v2\/pages\/336\/revisions"}],"predecessor-version":[{"id":337,"href":"https:\/\/grupos.unican.es\/ahir\/wp-json\/wp\/v2\/pages\/336\/revisions\/337"}],"wp:attachment":[{"href":"https:\/\/grupos.unican.es\/ahir\/wp-json\/wp\/v2\/media?parent=336"}],"curies":[{"name":"wp","href":"https:\/\/api.w.org\/{rel}","templated":true}]}}