{"id":343,"date":"2025-10-17T13:51:16","date_gmt":"2025-10-17T11:51:16","guid":{"rendered":"https:\/\/grupos.unican.es\/ahir\/?page_id=343"},"modified":"2025-10-17T13:51:16","modified_gmt":"2025-10-17T11:51:16","slug":"343-2","status":"publish","type":"page","link":"https:\/\/grupos.unican.es\/ahir\/343-2\/","title":{"rendered":""},"content":{"rendered":"<h5 data-canvas-width=\"707.4769604420109\"><span style=\"color: #008080;\"><strong>Paisaje Hist\u00f3rico\u00a0de Campoo Los Valles 2018<\/strong><\/span><\/h5>\n<h5>Investigadora principal:<\/h5>\n<p>Carolina Cort\u00e9s B\u00e1rcena<\/p>\n<h5>Entidad financiadora:<\/h5>\n<p>Gobierno de Cantabria (Consejer\u00eda de Educaci\u00f3n, Cultura y Deporte).<\/p>\n<p><strong>Otros investigadores<\/strong>:\u00a0 Jos\u00e9 Manuel Iglesias Gil; Juan Jos\u00e9 Cepeda; Alicia Ruiz; Jesus Ignacio Jim\u00e9nez Chaparro; Manuel Garc\u00eda Alonso; Alejandro Fern\u00e1ndez Gonz\u00e1lez; Javier S\u00e1nchez Espeso.<\/p>\n<div data-canvas-width=\"707.4769604420109\"><strong>P\u00e1gina web<\/strong>:\u00a0<a href=\"https:\/\/www.facebook.com\/Paisaje-arqueol%C3%B3gico-Campoo-Los-Valles-904190336319131\/\">https:\/\/www.facebook.com\/Paisaje-arqueol\u00f3gico-Campoo-Los-Valles-904190336319131\/<\/a><\/div>\n","protected":false},"excerpt":{"rendered":"<p>Paisaje Hist\u00f3rico\u00a0de Campoo Los Valles 2018 Investigadora principal: Carolina Cort\u00e9s B\u00e1rcena Entidad financiadora: Gobierno de Cantabria (Consejer\u00eda de Educaci\u00f3n, Cultura y Deporte). Otros investigadores:\u00a0 Jos\u00e9 Manuel Iglesias Gil; Juan Jos\u00e9 Cepeda; Alicia Ruiz; Jesus Ignacio Jim\u00e9nez Chaparro; Manuel Garc\u00eda Alonso; Alejandro Fern\u00e1ndez Gonz\u00e1lez; Javier S\u00e1nchez Espeso. P\u00e1gina web:\u00a0https:\/\/www.facebook.com\/Paisaje-arqueol\u00f3gico-Campoo-Los-Valles-904190336319131\/<\/p>\n","protected":false},"author":1,"featured_media":0,"parent":0,"menu_order":0,"comment_status":"closed","ping_status":"closed","template":"","meta":{"footnotes":""},"class_list":["post-343","page","type-page","status-publish","hentry"],"_links":{"self":[{"href":"https:\/\/grupos.unican.es\/ahir\/wp-json\/wp\/v2\/pages\/343","targetHints":{"allow":["GET"]}}],"collection":[{"href":"https:\/\/grupos.unican.es\/ahir\/wp-json\/wp\/v2\/pages"}],"about":[{"href":"https:\/\/grupos.unican.es\/ahir\/wp-json\/wp\/v2\/types\/page"}],"author":[{"embeddable":true,"href":"https:\/\/grupos.unican.es\/ahir\/wp-json\/wp\/v2\/users\/1"}],"replies":[{"embeddable":true,"href":"https:\/\/grupos.unican.es\/ahir\/wp-json\/wp\/v2\/comments?post=343"}],"version-history":[{"count":1,"href":"https:\/\/grupos.unican.es\/ahir\/wp-json\/wp\/v2\/pages\/343\/revisions"}],"predecessor-version":[{"id":344,"href":"https:\/\/grupos.unican.es\/ahir\/wp-json\/wp\/v2\/pages\/343\/revisions\/344"}],"wp:attachment":[{"href":"https:\/\/grupos.unican.es\/ahir\/wp-json\/wp\/v2\/media?parent=343"}],"curies":[{"name":"wp","href":"https:\/\/api.w.org\/{rel}","templated":true}]}}