{"id":75,"date":"2025-10-17T13:51:21","date_gmt":"2025-10-17T11:51:21","guid":{"rendered":"http:\/\/grupos.unican.es\/ahir\/?page_id=75"},"modified":"2025-10-17T13:51:21","modified_gmt":"2025-10-17T11:51:21","slug":"basileia-imperial-y-primatus-pontificio-ad-orientem-en-epoca-tardoantigua","status":"publish","type":"page","link":"https:\/\/grupos.unican.es\/ahir\/proyectos-de-investigacion\/basileia-imperial-y-primatus-pontificio-ad-orientem-en-epoca-tardoantigua\/","title":{"rendered":""},"content":{"rendered":"<h5 style=\"text-align: justify;\"><span style=\"color: #008080;\"><strong><em>Basileia<\/em>\u00a0Imperial y\u00a0<em>primatus<\/em>\u00a0pontificio <em>ad Orientem<\/em> en \u00e9poca Tardoantigua: las relaciones geo-eclesiales y pol\u00edtico-eclesi\u00e1sticas entre Roma y las Iglesias Patriarcales (451-536) (HAR2014-55237-P).<\/strong><\/span><\/h5>\n<h5><span style=\"color: #333333;\">Investigador Principal: <\/span><\/h5>\n<p><a href=\"http:\/\/acerbiscv2016.wixsite.com\/silviaacerbi-unican\">Silvia Acerbi<\/a>.<\/p>\n<h5><span style=\"color: #333333;\">Entidad financiadora:<\/span><\/h5>\n<p>Ministerio de Econom\u00eda y Competitividad. Programa Estatal de Fomento de la Investigaci\u00f3n Cient\u00edfica y T\u00e9cnica de Excelencia, Subprograma Estatal de Generaci\u00f3n de Conocimiento.<\/p>\n<p><strong>Otros investigadores<\/strong>:<\/p>\n<p><span style=\"color: #333333;\"><strong>Duraci\u00f3n<\/strong><\/span>: desde 01\/01\/2015 hasta 31\/12\/2017.<\/p>\n","protected":false},"excerpt":{"rendered":"<p>Basileia\u00a0Imperial y\u00a0primatus\u00a0pontificio ad Orientem en \u00e9poca Tardoantigua: las relaciones geo-eclesiales y pol\u00edtico-eclesi\u00e1sticas entre Roma y las Iglesias Patriarcales (451-536) (HAR2014-55237-P). Investigador Principal: Silvia Acerbi. Entidad financiadora: Ministerio de Econom\u00eda y Competitividad. Programa Estatal de Fomento de la Investigaci\u00f3n Cient\u00edfica y T\u00e9cnica de Excelencia, Subprograma Estatal de Generaci\u00f3n de Conocimiento. Otros investigadores: Duraci\u00f3n: desde 01\/01\/2015 hasta &hellip; <a href=\"https:\/\/grupos.unican.es\/ahir\/proyectos-de-investigacion\/basileia-imperial-y-primatus-pontificio-ad-orientem-en-epoca-tardoantigua\/\" class=\"more-link\">Continuar leyendo<span class=\"screen-reader-text\"> \u00ab\u00bb<\/span><\/a><\/p>\n","protected":false},"author":1,"featured_media":0,"parent":18,"menu_order":0,"comment_status":"closed","ping_status":"closed","template":"","meta":{"footnotes":""},"class_list":["post-75","page","type-page","status-publish","hentry"],"_links":{"self":[{"href":"https:\/\/grupos.unican.es\/ahir\/wp-json\/wp\/v2\/pages\/75","targetHints":{"allow":["GET"]}}],"collection":[{"href":"https:\/\/grupos.unican.es\/ahir\/wp-json\/wp\/v2\/pages"}],"about":[{"href":"https:\/\/grupos.unican.es\/ahir\/wp-json\/wp\/v2\/types\/page"}],"author":[{"embeddable":true,"href":"https:\/\/grupos.unican.es\/ahir\/wp-json\/wp\/v2\/users\/1"}],"replies":[{"embeddable":true,"href":"https:\/\/grupos.unican.es\/ahir\/wp-json\/wp\/v2\/comments?post=75"}],"version-history":[{"count":3,"href":"https:\/\/grupos.unican.es\/ahir\/wp-json\/wp\/v2\/pages\/75\/revisions"}],"predecessor-version":[{"id":124,"href":"https:\/\/grupos.unican.es\/ahir\/wp-json\/wp\/v2\/pages\/75\/revisions\/124"}],"up":[{"embeddable":true,"href":"https:\/\/grupos.unican.es\/ahir\/wp-json\/wp\/v2\/pages\/18"}],"wp:attachment":[{"href":"https:\/\/grupos.unican.es\/ahir\/wp-json\/wp\/v2\/media?parent=75"}],"curies":[{"name":"wp","href":"https:\/\/api.w.org\/{rel}","templated":true}]}}