{"id":70,"date":"2025-11-05T17:54:51","date_gmt":"2025-11-05T16:54:51","guid":{"rendered":"https:\/\/grupos.unican.es\/geodinamica-externa\/?page_id=70"},"modified":"2025-11-06T17:15:08","modified_gmt":"2025-11-06T16:15:08","slug":"lineas-de-investigacion","status":"publish","type":"page","link":"https:\/\/grupos.unican.es\/geodinamica-externa\/lineas-de-investigacion\/","title":{"rendered":"L\u00edneas de Investigaci\u00f3n"},"content":{"rendered":"\n<ul class=\"wp-block-list\">\n<li>CAMBIO GLOBAL: Impacto de la actividad humana y del cambio y clim\u00e1tico en los procesos geol\u00f3gicos &#8211; Responsable: <a href=\"https:\/\/web.unican.es\/portal-investigador\/personal-investigador\/detalle-investigador?i=EF303618FD92FBC2\">JUAN REMONDO TEJERINA<\/a><\/li>\n\n\n\n<li>DIVULGACI\u00d3N y DID\u00c1CTICA DE LAS CIENCIAS: actividades de divulgaci\u00f3n en Ciencias de la Tierra, el medio natural y el patrimonio geol\u00f3gico. Metodolog\u00edas de aprendizaje de las ciencias naturales, en especial de la ense\u00f1anza de ciencias de la Tierra. &#8211; Responsable: <a href=\"https:\/\/web.unican.es\/portal-investigador\/personal-investigador\/detalle-investigador?i=99D853820653CABF\">JAIME BONACHEA PICO<\/a><\/li>\n\n\n\n<li>KARST: geolog\u00eda y geomorfolog\u00eda de cuevas k\u00e1rsticas y su aplicaci\u00f3n a la evoluci\u00f3n del relieve y a la geoarqueolog\u00eda &#8211; Responsable: <a href=\"https:\/\/web.unican.es\/portal-investigador\/personal-investigador\/detalle-investigador?i=D231221C8AE9D0B3\">DANIEL BALLESTEROS POSADA<\/a><\/li>\n\n\n\n<li>PALEONTOLOG\u00cdA. estudio e interpretaci\u00f3n del pasado de la vida a trav\u00e9s de los f\u00f3siles &#8211; Responsable: <a href=\"https:\/\/web.unican.es\/portal-investigador\/personal-investigador\/detalle-investigador?i=C19BE229C384BCC0\">IGNACIO DIAZ MARTINEZ<\/a><\/li>\n\n\n\n<li>PATRIMONIO GEOL\u00d3GICO: an\u00e1lisis y evaluaci\u00f3n del patrimonio geol\u00f3gico para su puesta en valor, divulgaci\u00f3n y geoconservaci\u00f3n &#8211; Responsable: <a href=\"https:\/\/web.unican.es\/portal-investigador\/personal-investigador\/detalle-investigador?i=99D853820653CABF\">JAIME BONACHEA PICO<\/a><\/li>\n\n\n\n<li>PETROF\u00cdSICA Y COMPORTAMIENTO GEOMEC\u00c1NICO DE ROCAS: caracterizaci\u00f3n petrof\u00edsica de rocas como material de construcci\u00f3n. Estudios petrogr\u00e1ficos. An\u00e1lisis de macizos rocosos &#8211; Responsable: <a href=\"https:\/\/web.unican.es\/portal-investigador\/personal-investigador\/detalle-investigador?i=FA5994C2EAF86559\">GEMA FERNANDEZ MAROTO<\/a><\/li>\n\n\n\n<li>PROCESOS GEOL\u00d3GICOS: aplicaci\u00f3n de t\u00e9cnicas topom\u00e9tricas, fotogram\u00e9tricas y de teledetecci\u00f3n para la caracterizaci\u00f3n espacial, temporal y modelizaci\u00f3n de la din\u00e1mica de procesos geol\u00f3gicos y sus implicaciones ambientales &#8211; Responsable: <a href=\"https:\/\/web.unican.es\/portal-investigador\/personal-investigador\/detalle-investigador?i=60AEBB6277007DF4\">ALBERTO GONZALEZ DIEZ<\/a><\/li>\n\n\n\n<li>RECURSOS NATURALES: Evaluaci\u00f3n y planificaci\u00f3n del medioambiente y los recursos geol\u00f3gicos para el desarrollo sostenible &#8211; Responsable: <a href=\"https:\/\/web.unican.es\/portal-investigador\/personal-investigador\/detalle-investigador?i=60AEBB6277007DF4\">ALBERTO GONZALEZ DIEZ<\/a><\/li>\n\n\n\n<li>RIESGOS GEOL\u00d3GICOS: an\u00e1lisis, evaluaci\u00f3n y modelizaci\u00f3n de riesgos geomorfol\u00f3gicos ligados a movimientos del terreno &#8211; Responsable: <a href=\"https:\/\/web.unican.es\/portal-investigador\/personal-investigador\/detalle-investigador?i=EF303618FD92FBC2\">JUAN REMONDO TEJERINA<\/a><\/li>\n<\/ul>\n","protected":false},"excerpt":{"rendered":"","protected":false},"author":3,"featured_media":0,"parent":0,"menu_order":0,"comment_status":"closed","ping_status":"closed","template":"","meta":{"footnotes":""},"class_list":["post-70","page","type-page","status-publish","hentry"],"_links":{"self":[{"href":"https:\/\/grupos.unican.es\/geodinamica-externa\/wp-json\/wp\/v2\/pages\/70","targetHints":{"allow":["GET"]}}],"collection":[{"href":"https:\/\/grupos.unican.es\/geodinamica-externa\/wp-json\/wp\/v2\/pages"}],"about":[{"href":"https:\/\/grupos.unican.es\/geodinamica-externa\/wp-json\/wp\/v2\/types\/page"}],"author":[{"embeddable":true,"href":"https:\/\/grupos.unican.es\/geodinamica-externa\/wp-json\/wp\/v2\/users\/3"}],"replies":[{"embeddable":true,"href":"https:\/\/grupos.unican.es\/geodinamica-externa\/wp-json\/wp\/v2\/comments?post=70"}],"version-history":[{"count":2,"href":"https:\/\/grupos.unican.es\/geodinamica-externa\/wp-json\/wp\/v2\/pages\/70\/revisions"}],"predecessor-version":[{"id":107,"href":"https:\/\/grupos.unican.es\/geodinamica-externa\/wp-json\/wp\/v2\/pages\/70\/revisions\/107"}],"wp:attachment":[{"href":"https:\/\/grupos.unican.es\/geodinamica-externa\/wp-json\/wp\/v2\/media?parent=70"}],"curies":[{"name":"wp","href":"https:\/\/api.w.org\/{rel}","templated":true}]}}