{"id":24,"date":"2022-07-20T11:23:29","date_gmt":"2022-07-20T09:23:29","guid":{"rendered":"https:\/\/grupos.unican.es\/magnetismo\/?page_id=24"},"modified":"2025-02-02T16:11:48","modified_gmt":"2025-02-02T15:11:48","slug":"projects","status":"publish","type":"page","link":"https:\/\/grupos.unican.es\/magnetismo\/projects\/","title":{"rendered":"Projects"},"content":{"rendered":"\n<p class=\"has-text-align-center has-light-green-cyan-color has-text-color has-link-color wp-elements-6df4832cc84074cb9dd31d9b84e6aca3\">2024<\/p>\n\n\n\n<p class=\"has-foreground-color has-text-color has-link-color has-small-font-size wp-elements-e72cec8c99110d074083720098848d9b\">VALORACI\u00d3N DE LAS PROPIEDADES MAGNETO-ESTRUCTURALES RELEVANTES DE BACTERIAS MAGNETOT\u00c1CTICAS PARA TERAPIAS CONTRA EL C\u00c1NCER (Proyecto PID2023-146448OB-C22\u00a0 financiado por MICIU\/AEI\/10.13039\/501100011033 y por FEDER, UE). Responsables:\u00a0<a href=\"https:\/\/web.unican.es\/portal-investigador\/personal-investigador\/detalle-investigador?i=6A5A795615F690F7\">LUIS FERNANDEZ BARQUIN<\/a>,\u00a0<a href=\"https:\/\/web.unican.es\/portal-investigador\/personal-investigador\/detalle-investigador?i=C11408D7C74AEF56\">JAVIER ALONSO MASA<\/a> <\/p>\n\n\n\n<p class=\"has-foreground-color has-text-color has-link-color has-small-font-size wp-elements-1fb6a19335de00a01181aad4c8781c98\">ARQUITECTURAS HIBRIDAS DE GRAFENO INTERCONECTADAS CON PRECISION ATOMICA SOBRE SUPERFICIES Proyecto CNS2023-144257\u00a0 financiada por MICIU\/AEI \/10.13039\/501100011033 y por la Uni\u00f3n Europea NextGenerationEU\/PRTR. Responsable:\u00a0<a href=\"https:\/\/web.unican.es\/portal-investigador\/personal-investigador\/detalle-investigador?i=E818CF0222146899\">CESAR MORENO SIERRA<\/a> <\/p>\n\n\n\n<p class=\"has-text-align-center has-light-green-cyan-color has-text-color has-link-color wp-elements-ba3c4aa267b677f07b745ce600a544c8\">2023<\/p>\n\n\n\n<p class=\"has-foreground-color has-text-color has-link-color has-small-font-size wp-elements-1fe42c0f3ddfe97f227e0fbf7288c875\">DISE\u00d1O A ESCALA CU\u00c1NTICA DE ARQUITECTURAS MODULARES 2D BASADAS EN CARBONO CON CENTROS ACTIVOS MULTIFUNCIONALES ESPIN-FOT\u00d3N PARA TECNOLOG\u00cdAS DIGITALES EMERGENTES Proyecto PID2022-140827OB-I00 financiado por MICIU\/AEI \/10.13039\/501100011033 y por FEDER, UE. Responsable:\u00a0<a href=\"https:\/\/web.unican.es\/portal-investigador\/personal-investigador\/detalle-investigador?i=E818CF0222146899\">CESAR MORENO SIERRA<\/a><\/p>\n\n\n\n<p class=\"has-text-align-center has-light-green-cyan-color has-text-color has-link-color wp-elements-8032428bada97475d3fc1983d3576ad2\">2022<\/p>\n\n\n\n<p class=\"has-foreground-color has-text-color has-link-color has-small-font-size wp-elements-dbecb8c5f7d8f1e02f8624d3a3cab71b\">ANALIZADOR DE GASES RESIDUALES COMPACTO Y AUTONOMO (FINANCIADA POR LA CONSEJER\u00cdA DE UNIVERSIDADES, IGUALDAD, CULTURA Y DEPORTE DEL GOBIERNO DE CANTABRIA (CONTRATO PROGRAMA GOBIERNO DE CANTABRIA-UC)) . Responsable:\u00a0<a href=\"https:\/\/web.unican.es\/portal-investigador\/personal-investigador\/detalle-investigador?i=E818CF0222146899\">CESAR MORENO SIERRA<\/a><\/p>\n\n\n\n<p class=\"has-foreground-color has-text-color has-link-color has-small-font-size wp-elements-c70eb41584b2056f5e9fd09739c17c78\">LEGO FACTORY &#8211; ESCALADO DE GRAFENO NANOPOROSO CON PRECISION ATOMICA EN CONDICIONES DE ULTRA ALTO VACIO. Responsable:\u00a0<a href=\"https:\/\/web.unican.es\/portal-investigador\/personal-investigador\/detalle-investigador?i=E818CF0222146899\">CESAR MORENO SIERRA<\/a> <\/p>\n\n\n\n<p class=\"has-text-align-center has-light-green-cyan-color has-text-color has-link-color wp-elements-c6d9cb15d7e89a0a0ba4b57efd303b81\">2021<\/p>\n\n\n\n<p class=\"has-foreground-color has-text-color has-link-color has-small-font-size wp-elements-30141bf6dcbb12ced4f554c17a19ba96\">SINTONIZACI\u00d3N DE PROPIEDADES MAGN\u00c9TICAS DE BACTERIAS MAGNETOT\u00c1CTICAS PARA TERAPIAS DEL C\u00c1NCER. Proyecto PID2020-115704RB-C33 financiado por MICIU\/AEI \/10.13039\/501100011033. Responsables:\u00a0<a href=\"https:\/\/web.unican.es\/portal-investigador\/personal-investigador\/detalle-investigador?i=6A5A795615F690F7\">LUIS FERNANDEZ BARQUIN<\/a>,\u00a0<a href=\"https:\/\/web.unican.es\/portal-investigador\/personal-investigador\/detalle-investigador?i=C11408D7C74AEF56\">JAVIER ALONSO MASA<\/a> <\/p>\n\n\n\n<p class=\"has-text-align-center has-light-green-cyan-color has-text-color has-link-color wp-elements-98d7132707f94bd01d563154bae5cfdf\">2020<\/p>\n\n\n\n<p class=\"has-foreground-color has-text-color has-link-color has-small-font-size wp-elements-0e6828d9b7b90a30669055bbfc3e9134\">INTEGRACI\u00d3N DE GRAFENO NANOPOROSO MULTIFUNCI\u00d3N EN BIOSENSORES NANOFOT\u00d3NICOS &#8211; LEGOCHIP. Responsable:\u00a0<a href=\"https:\/\/web.unican.es\/portal-investigador\/personal-investigador\/detalle-investigador?i=E818CF0222146899\">CESAR MORENO SIERRA<\/a> <\/p>\n\n\n\n<p class=\"has-text-align-center has-light-green-cyan-color has-text-color has-link-color wp-elements-9fbfeb011645e5aa32ece3b0284e4ff2\">2019<\/p>\n\n\n\n<p class=\"has-foreground-color has-text-color has-link-color has-small-font-size wp-elements-c4222188996253a6d2cb32246dd53868\">SISTEMA DE MEDIDA DE CICLOS DE HIST\u00c9RESIS. Responsable:\u00a0<a href=\"https:\/\/web.unican.es\/portal-investigador\/personal-investigador\/detalle-investigador?i=6A5A795615F690F7\">LUIS FERNANDEZ BARQUIN<\/a>  <\/p>\n\n\n\n<p class=\"has-text-align-center has-light-green-cyan-color has-text-color has-link-color wp-elements-e02bb72b4d56cd59ef888f230eb4c1a7\">2018<\/p>\n\n\n\n<p class=\"has-foreground-color has-text-color has-link-color has-small-font-size wp-elements-0e8f5cba1df9d7b601c8f68fa7c3447b\">MATERIALES AVANZADOS BASADOS EN L\u00cdQUIDOS I\u00d3NICOS MAGN\u00c9TICOS: UNA ALTERNATIVA &#8220;VERDE&#8221; PARA CATALIZAR LA GLICOLISIS DE RESIDUOS DE TEREFTALATO DE POLIETILENO (SODERCAN\/FEDER). Responsable:\u00a0<a href=\"https:\/\/web.unican.es\/portal-investigador\/personal-investigador\/detalle-investigador?i=E37D8360068B1827\">MANUEL DE PEDRO DEL VALLE<\/a> <\/p>\n\n\n\n<p class=\"has-foreground-color has-text-color has-link-color has-small-font-size wp-elements-ac022ab278e05d5f99f83d87493e2504\">SISTEMA DE ALTO VAC\u00cdO CON BOMBA TURBOMOLECULAR. Responsable:\u00a0<a href=\"https:\/\/web.unican.es\/portal-investigador\/personal-investigador\/detalle-investigador?i=6A5A795615F690F7\">LUIS FERNANDEZ BARQUIN<\/a> <\/p>\n\n\n\n<p class=\"has-foreground-color has-text-color has-link-color has-small-font-size wp-elements-e8b53851a99c86c5eb3755d417d592c4\">BACTERIAS MAGNETOT\u00c1CTICAS COMO GENERADORAS DE NANOPART\u00cdCULAS MAGN\u00c9TICAS MODELO Y BIO-ROBOTS PARA TERAPIAS ESPEC\u00cdFICAS. Proyecto MAT2017-83631-C3-3-R financiado por MCIN\/ AEI \/10.13039\/501100011033\/ FEDER &#8220;Una manera de hacer Europa&#8221;. Responsable:\u00a0<a href=\"https:\/\/web.unican.es\/portal-investigador\/personal-investigador\/detalle-investigador?i=6A5A795615F690F7\">LUIS FERNANDEZ BARQUIN<\/a> <\/p>\n\n\n\n<p class=\"has-text-align-center has-light-green-cyan-color has-text-color has-link-color wp-elements-f8aec9740be8ebe181ca7b2508b0c9ca\">2017<\/p>\n\n\n\n<p class=\"has-foreground-color has-text-color has-link-color has-small-font-size wp-elements-41bb621edb42f91b3fee9c87d9888622\">DETECTOR ULTRAR\u00c1PIDO LYNXEYE. Responsable:\u00a0<a href=\"https:\/\/web.unican.es\/portal-investigador\/personal-investigador\/detalle-investigador?i=6A5A795615F690F7\">LUIS FERNANDEZ BARQUIN<\/a> <\/p>\n\n\n\n<p class=\"has-text-align-center has-light-green-cyan-color has-text-color has-link-color wp-elements-c722671e21aab19a3a73c9e7e1fc6426\">2015<\/p>\n\n\n\n<p class=\"has-foreground-color has-text-color has-link-color has-small-font-size wp-elements-e7bbe112eb3f613c0abced4bf82589ba\">NANOPART\u00cdCULAS MAGN\u00c9TICAS NO CONVENCIONALES PARA APLICACIONES BIOM\u00c9DICAS (MAT2014-55049-C2-2-R) (MINECO). Responsable:\u00a0<a href=\"https:\/\/web.unican.es\/portal-investigador\/personal-investigador\/detalle-investigador?i=6A5A795615F690F7\">LUIS FERNANDEZ BARQUIN<\/a> <\/p>\n\n\n\n<p class=\"has-text-align-center has-light-green-cyan-color has-text-color has-link-color wp-elements-76b83f68c8356907a425f90d9ca8a6a6\">2013<\/p>\n\n\n\n<p class=\"has-foreground-color has-text-color has-link-color has-small-font-size wp-elements-980f369b83eb35ce58fb1618faadd459\">NANOMAG: NANOMETROLOGY STANDARDIZATION METHODS FOR MAGNETIC NANOPARTICIES. Responsable:\u00a0<a href=\"https:\/\/web.unican.es\/portal-investigador\/personal-investigador\/detalle-investigador?i=6A5A795615F690F7\">LUIS FERNANDEZ BARQUIN<\/a>  <\/p>\n\n\n\n<p class=\"has-text-align-center has-light-green-cyan-color has-text-color has-link-color wp-elements-de2a3d7fe634f652bf33c400cce1b940\">2012<\/p>\n\n\n\n<p class=\"has-foreground-color has-text-color has-link-color has-small-font-size wp-elements-1ec02445b0c5f130d08d338b613b881b\">INTERACCIONES MAGN\u00c9TICAS Y FEN\u00d3MENOS DE INTERCARA EN MATERIALES NANOESTRUCTURADOS (MAT2011-27573-C04-01). Responsable:\u00a0<a href=\"https:\/\/web.unican.es\/portal-investigador\/personal-investigador\/detalle-investigador?i=6A5A795615F690F7\">LUIS FERNANDEZ BARQUIN<\/a> <\/p>\n\n\n\n<p class=\"has-text-align-center has-light-green-cyan-color has-text-color has-link-color wp-elements-ffbcaf5a16b86e93851ab5ce8bc1bb74\">2010<\/p>\n\n\n\n<p class=\"has-foreground-color has-text-color has-link-color has-small-font-size wp-elements-0437dbf27bce1e85bd5dbc62fc837c90\">POTENCIACI\u00d3N DE INFRAESTRUCTURAS Y ACCIONES PARA EL LABORATORIO DE NANOMATERIALES DE LA UNIVERSIDAD DE CANTABRIA. Responsable:\u00a0<a href=\"https:\/\/web.unican.es\/portal-investigador\/personal-investigador\/detalle-investigador?i=6A5A795615F690F7\">LUIS FERNANDEZ BARQUIN<\/a><\/p>\n\n\n\n<p>Please visit this link to see full details <a rel=\"noreferrer noopener\" href=\"https:\/\/web.unican.es\/portal-investigador\/grupos\/detalle-grupo?g=675\" target=\"_blank\">[+]<\/a>.<\/p>\n\n\n\n<p><\/p>\n","protected":false},"excerpt":{"rendered":"<p>2024 VALORACI\u00d3N DE LAS PROPIEDADES MAGNETO-ESTRUCTURALES RELEVANTES DE BACTERIAS MAGNETOT\u00c1CTICAS PARA TERAPIAS CONTRA EL C\u00c1NCER (Proyecto PID2023-146448OB-C22\u00a0 financiado por MICIU\/AEI\/10.13039\/501100011033 y por FEDER, UE). Responsables:\u00a0LUIS FERNANDEZ BARQUIN,\u00a0JAVIER ALONSO MASA ARQUITECTURAS HIBRIDAS DE GRAFENO INTERCONECTADAS CON PRECISION ATOMICA SOBRE SUPERFICIES Proyecto CNS2023-144257\u00a0 financiada por MICIU\/AEI \/10.13039\/501100011033 y por la Uni\u00f3n Europea NextGenerationEU\/PRTR. Responsable:\u00a0CESAR MORENO SIERRA 2023 [&hellip;]<\/p>\n","protected":false},"author":2,"featured_media":617,"parent":0,"menu_order":0,"comment_status":"closed","ping_status":"closed","template":"","meta":{"footnotes":""},"class_list":["post-24","page","type-page","status-publish","has-post-thumbnail","hentry"],"_links":{"self":[{"href":"https:\/\/grupos.unican.es\/magnetismo\/wp-json\/wp\/v2\/pages\/24","targetHints":{"allow":["GET"]}}],"collection":[{"href":"https:\/\/grupos.unican.es\/magnetismo\/wp-json\/wp\/v2\/pages"}],"about":[{"href":"https:\/\/grupos.unican.es\/magnetismo\/wp-json\/wp\/v2\/types\/page"}],"author":[{"embeddable":true,"href":"https:\/\/grupos.unican.es\/magnetismo\/wp-json\/wp\/v2\/users\/2"}],"replies":[{"embeddable":true,"href":"https:\/\/grupos.unican.es\/magnetismo\/wp-json\/wp\/v2\/comments?post=24"}],"version-history":[{"count":14,"href":"https:\/\/grupos.unican.es\/magnetismo\/wp-json\/wp\/v2\/pages\/24\/revisions"}],"predecessor-version":[{"id":690,"href":"https:\/\/grupos.unican.es\/magnetismo\/wp-json\/wp\/v2\/pages\/24\/revisions\/690"}],"wp:featuredmedia":[{"embeddable":true,"href":"https:\/\/grupos.unican.es\/magnetismo\/wp-json\/wp\/v2\/media\/617"}],"wp:attachment":[{"href":"https:\/\/grupos.unican.es\/magnetismo\/wp-json\/wp\/v2\/media?parent=24"}],"curies":[{"name":"wp","href":"https:\/\/api.w.org\/{rel}","templated":true}]}}