{"id":119,"date":"2018-06-20T11:33:36","date_gmt":"2018-06-20T11:33:36","guid":{"rendered":"https:\/\/grupos.unican.es\/pasep\/?page_id=119"},"modified":"2018-10-03T15:38:53","modified_gmt":"2018-10-03T15:38:53","slug":"publications-2018","status":"publish","type":"page","link":"https:\/\/grupos.unican.es\/pasep\/publications-2018\/","title":{"rendered":"PUBLICATIONS 2018"},"content":{"rendered":"<p style=\"text-align: justify;\">A. Alaei Shahmirzadi, S.S. Hosseini, J. Luo, I. Ortiz. <b>Significance, evolution and recent advances in adsorption technology, materials and processes for desalination, water softening and salt removal<\/b>. Journal of Environmental Management 215, 324-377, 2018.<\/p>\n<p style=\"text-align: justify;\">A.C.C. Campos, R. A. Dos Reis, A. Ortiz, D. Gorri, I. Ortiz. <b>A perspective of solutions for membrane instabilities in olefin\/paraffin separations: A review<\/b>. Industrial &amp; Engineering Chemistry Research 57(31), 10071-10085, 2018.<\/p>\n<p style=\"text-align: justify;\">N. Diban, Urtiaga, A. <b>Electrochemical mineralization and detoxification of <\/b><b>naphtenic<\/b><b> acids on boron-doped diamond anodes<\/b>. Environmental Science and Pollution Research 1-8. Articles in press. 2018.<\/p>\n<p style=\"text-align: justify;\">N. Diban, B. G\u00f3mez-Ruiz, M. L\u00e1zaro-D\u00edez, J. Ramos-Vivas, I. Ortiz, A. Urtiaga. <b>Factors affecting mass transport properties of Poly (<\/b><b>\u03b5<\/b><b>&#8211;<\/b><b>caprolactone<\/b><b>) <\/b><b>membranes<\/b> <b>for<\/b> <b>tissue<\/b> <b>engineering<\/b> <b>bioreactors<\/b><b>.<\/b> Membranes 8, 51, 2018.<\/p>\n<p style=\"text-align: justify;\">S. Dom\u00ednguez, J. Laso, M. Margallo, R. Aldaco, M.J. Rivero, A. Irabien, I. Ortiz. <b>LCA of greywater management within a water circular economy restorative thinking framework<\/b>. Science of the Total Environment 621, 1047-1056, 2018.<\/p>\n<p style=\"text-align: justify;\">G. Feijoo, R. Ib\u00e1\u00f1ez, J. Herguido, P. Partal, M. Tobajas, J. S\u00e8mpere, M. F. L\u00f3pez-P\u00e9rez, M.J. Rivero. <b>Education of Chemical Engineering in Spain: A global picture<\/b>. Education for Chemical Engineers 24, 27-31, 2018.<\/p>\n<p style=\"text-align: justify;\">S. G\u00f3mez-Lav\u00edn, M.F. San Rom\u00e1n, I. Ortiz, J. Fern\u00e1ndez, P. de Miguel, A. Urtiaga<b>. Dioxins and furans legacy of <\/b><b>lindane<\/b><b> manufacture in <\/b><b>Sabi\u00f1\u00e1nigo<\/b><b> (Spain). The <\/b><b>Bail\u00edn<\/b><b> landfill site case study<\/b>. Science of the Total Environment 624, 955-962, 2018.<\/p>\n<p style=\"text-align: justify;\">J.G\u00f3mez-Pastora, C. Gonz\u00e1lez-Fern\u00e1ndez, M. Fallanza, E. Bringas, I. Ortiz. <b>Flow patterns and mass transfer performance of miscible liquid-liquid flows in various <\/b><b>microchannels<\/b><b>: Numerical and experimental studies<\/b>. Chemical Engineering Journal 344, 487-497, 2018.<\/p>\n<p style=\"text-align: justify;\">J. G\u00f3mez-Pastora, C. Gonz\u00e1lez-Fern\u00e1ndez, E. Real, I. Iles, E. Bringas, E. P. Furlani, I. Ortiz. <b>Computational modeling and fluorescence microscopy characterization of a two-phase <\/b><b>magnetophoretic<\/b><b> microsystems for continuous-flow blood detoxification<\/b>. Lab on a Chip 18(11), 1593-1606, 2018.<\/p>\n<p style=\"text-align: justify;\">J. G\u00f3mez-Pastora, I.H. Karampelas, A. Q. Alorabi, M. D. Tarn, E. Bringas, A. Iles, V.N. Paunov, N. Pamme, E. P. Furlani, I. Ortiz. <b>CFC analysis and experimental validation of magnetic droplet generation and deflection across <\/b><b>multilaminar<\/b><b> flow streams<\/b>. TechConnect Briefs 2018 \u2013 Advanced Materials 3, 182-185, 2018.<\/p>\n<p style=\"text-align: justify;\">B. G\u00f3mez-Ruiz, N. Diban, A. Urtiaga. <b>Comparison of microcrystalline and <\/b><b>ultrananocrystalline<\/b><b> boron doped diamond anodes: Influence on <\/b><b>perfluorooctanoic<\/b><b> acid electrolysis<\/b>. Separation and Purification Technology. Article in press. 2018.<\/p>\n<p style=\"text-align: justify;\">B. G\u00f3mez-Ruiz, P. Ribao, N. Diban, M.J. Rivero, I. Ortiz, A. Urtiaga. <b>Photocatalytic degradation and mineralization of <\/b><b>perfluorooctanoic<\/b><b> acid (PFOA) using a composite TiO<\/b><b>2<\/b><b>-rGO catalyst<\/b>. Journal of Hazardous Materials 344, 950-957, 2018.<\/p>\n<p style=\"text-align: justify;\">M. Herrero-Gonz\u00e1lez, P. D\u00edaz-Guridi, A. Dom\u00ednguez-Ramos, R. Ib\u00e1\u00f1ez, A. Irabien. <b>Photovoltaic solar <\/b><b>electrodialysis<\/b><b> with bipolar membranes<\/b>. Desalination 433, 155-163, 2018.<\/p>\n<p style=\"text-align: justify;\">S. Kamali, E. Bringas, H.Y. Hah, B. Bates, J. A. Johnson, P. Stroeve,. <b>Magnetism and <\/b><b>M\u00f6ssbauer<\/b><b> study of formation of multi-core <\/b><b>\u03d2<\/b><b>-Fe<\/b><b>2<\/b><b>O<\/b><b>3<\/b> <b>nanoparticles<\/b>. Journal of Magnetism and Magnetic Materials 451, 131-136, 2018.<\/p>\n<p style=\"text-align: justify;\">U. Morales, C.J. Escudero, M. J. Rivero, I. Ortiz. J. Manriquez-Rocha, J.M. Peralta-Hern\u00e1ndez. <b>Coupling of the electrochemical oxidation (EO-BDD)\/<\/b><b>photocatalysis<\/b><b> (TiO<\/b><b>2<\/b><b>-Fe-N) processes for degradation of acid blue BR dye<\/b>. Journal of Electroanalytical Chemistry 808, 180-188, 2018.<\/p>\n<p style=\"text-align: justify;\">P. Ortiz-Albo, R. Ib\u00e1\u00f1ez, A. Urtiga, I. Ortiz. <b>Phenomenological prediction of <\/b><b>desaintion<\/b><b> brines <\/b><b>nanofiltration<\/b><b> through the indirect determination of zeta potential<\/b>. Separation and Purification Technology 210, 746-753, 2019<\/p>\n<p style=\"text-align: justify;\">P. Ribao, J. Corredor, M.J. Rivero, I. Ortiz. <b>Role of reactive oxygen species on the activity of noble metal-doped TiO2 <\/b><b>photocatalysts<\/b>. Journal of Hazardous Materials. Article in press. 2018. <a href=\"https:\/\/doi.org\/10.1016\/j.jhazmat.2018.05.026\">https:\/\/doi.org\/10.1016\/j.jhazmat.2018.05.026<\/a><\/p>\n<p style=\"text-align: justify;\">M. J. Rivero, O. Iglesias, P. Ribao, I. Ortiz. <b>Kinetic performance of TiO<\/b><b>2<\/b><b>\/Pt\/reduced graphene oxide composites in the photocatalytic hydrogen production<\/b>. International Journal of Hydrogen Energy. Article in press. 2018.<\/p>\n<p style=\"text-align: justify;\">M. F. San Rom\u00e1n, I. Ortiz-G\u00e1ndara, E. Bringas, R. Ib\u00e1\u00f1ez, I. Ortiz. <strong>Membrane selective recovery of HCl, zinc and iron from simulated mining effluents<\/strong>. Desalination. Article in press. 2018.<\/p>\n<p style=\"text-align: justify;\">M.F. San Rom\u00e1n, I. Ortiz-G\u00e1ndara, E. Bringas, R. Ib\u00e1\u00f1ez, I. Ortiz.<b> Membrane selective recovery of <\/b><b>HCl<\/b><b>, Zinc and Iron from simulated mining effluents<\/b>. Desalination 440, 778-87, 2018.<\/p>\n<p style=\"text-align: justify;\">S. S\u00e1nchez-Gonz\u00e1lez, N. Diban, A. Urtiaga. <b>Hydrolytic degradation and mechanical stability of poly(<\/b><b>\u03b5<\/b><b>&#8211;<\/b><b>Caprolactone<\/b><b>) <\/b><b>reduced<\/b><b> Graphene oxide <\/b><b>membranes<\/b><b> as <\/b><b>scaffolds<\/b> <b>for<\/b><b> in vitro neural <\/b><b>tissue<\/b> <b>regeneration<\/b>. Membranes 8(1), 12, 2018.<\/p>\n<p style=\"text-align: justify;\">C. Sol\u00e1-Guti\u00e9rrez, M. F. San Rom\u00e1n, I. Ortiz. <b>Fate<\/b><b> and <\/b><b>hazard<\/b><b> of <\/b><b>the<\/b> <b>electrochemical<\/b> <b>oxidation<\/b><b> of <\/b><b>triclosan<\/b><b>. <\/b><b>Evaluation<\/b><b> of <\/b><b>polychlorodibenzo<\/b><b>-p-<\/b><b>dioxins<\/b><b> and <\/b><b>polychlorodibenzofurans<\/b><b> (PCDD\/<\/b><b>Fs<\/b><b>) <\/b><b>formation<\/b>. Science of the Total Environment 626, 126-133, 2018.<\/p>\n<p style=\"text-align: justify;\">A. Soriano, D. Gorri, A. Urtiaga. <b>Membrane<\/b><b> pre-<\/b><b>concentration<\/b><b> as <\/b><b>an<\/b> <b>efficient<\/b> <b>tool<\/b><b> to reduce <\/b><b>the<\/b> <b>energy<\/b> <b>consumption<\/b><b> of <\/b><b>perfluorohexanoic<\/b> <b>acid<\/b> <b>electrochemical<\/b> <b>treatment<\/b>. Separation and Purification Technology. Article in press. 2018.<\/p>\n<p style=\"text-align: justify;\">A. Urtiaga, A. Soriano, J. Carrillo-Abad. <b>BDD Anodic treatment of 6:2 <\/b><b>fluorotelomer<\/b> <b>sulphonate<\/b><b> (6:2 FTSA). Evaluation of operating variables and by-product formation<\/b>. Chemosphere 201, 571-577, 2018.<\/p>\n<p style=\"text-align: justify;\">M. Y\u00e1\u00f1ez, A. Ortiz, B. Brunaud, I.E. Grossmann, I. Ortiz. <strong>Contribution of upcycling surplus hydrogen to design a sustainable supply chain: The case study of Norther Spain<\/strong>. Applied Energy 321, 777-787, 2018.<\/p>\n<p style=\"text-align: justify;\">G. Zarca, I. Ortiz, A. Urtiaga. <b>Novel <\/b><b>solvents<\/b> <b>based<\/b> <b>on<\/b> <b>thiocyanate<\/b> <b>ionic<\/b> <b>liquids<\/b> <b>doped<\/b> <b>with<\/b> <b>copper<\/b><b> (I) <\/b><b>with<\/b> <b>enhanced<\/b> <b>equilibrium<\/b> <b>selectivity<\/b> <b>for<\/b> <b>carbon<\/b> <b>monoxide<\/b> <b>separation<\/b> <b>from<\/b><b> light gases<\/b>. Separation and Purification Technology 196, 47-56, 2018.<\/p>\n<p style=\"text-align: justify;\">G. Zarca, A. Urtiaga, L.T. Biegler, I. Ortiz. <b>An<\/b> <b>optimization<\/b> <b>model<\/b> <b>for<\/b> <b>assessment<\/b><b> of <\/b><b>membrane-based<\/b><b> post-combusti\u00f3n gas <\/b><b>upcycling<\/b> <b>into<\/b> <b>hydrogen<\/b> <b>or<\/b> <b>syngas<\/b>. Journal of Membrane Science 563, 83-92, 2018.<\/p>\n<p style=\"text-align: justify;\">R. Zarca, A. Ortiz, D. Gorri, L. T. Biegler, I. Ortiz. <b>Optimized<\/b> <b>distillation<\/b> <b>coupled<\/b> <b>with<\/b> <b>state<\/b><b>-of-<\/b><b>the<\/b><b>-art <\/b><b>membranes<\/b> <b>for<\/b> <b>propylene<\/b> <b>purification<\/b><b>.<\/b> Journal of Membrane Science 556, 321-328, 2018.<\/p>\n<p style=\"text-align: justify;\">\n","protected":false},"excerpt":{"rendered":"<p>A. Alaei Shahmirzadi, S.S. Hosseini, J. Luo, I. Ortiz. Significance, evolution and recent advances in adsorption technology, materials and processes &hellip; <\/p>\n<p><a href=\"https:\/\/grupos.unican.es\/pasep\/publications-2018\/\" class=\"more-link\">Leer m\u00e1s<\/a><\/p>\n","protected":false},"author":2,"featured_media":0,"parent":0,"menu_order":0,"comment_status":"closed","ping_status":"closed","template":"","meta":{"footnotes":""},"class_list":["post-119","page","type-page","status-publish","hentry"],"_links":{"self":[{"href":"https:\/\/grupos.unican.es\/pasep\/wp-json\/wp\/v2\/pages\/119","targetHints":{"allow":["GET"]}}],"collection":[{"href":"https:\/\/grupos.unican.es\/pasep\/wp-json\/wp\/v2\/pages"}],"about":[{"href":"https:\/\/grupos.unican.es\/pasep\/wp-json\/wp\/v2\/types\/page"}],"author":[{"embeddable":true,"href":"https:\/\/grupos.unican.es\/pasep\/wp-json\/wp\/v2\/users\/2"}],"replies":[{"embeddable":true,"href":"https:\/\/grupos.unican.es\/pasep\/wp-json\/wp\/v2\/comments?post=119"}],"version-history":[{"count":9,"href":"https:\/\/grupos.unican.es\/pasep\/wp-json\/wp\/v2\/pages\/119\/revisions"}],"predecessor-version":[{"id":1128,"href":"https:\/\/grupos.unican.es\/pasep\/wp-json\/wp\/v2\/pages\/119\/revisions\/1128"}],"wp:attachment":[{"href":"https:\/\/grupos.unican.es\/pasep\/wp-json\/wp\/v2\/media?parent=119"}],"curies":[{"name":"wp","href":"https:\/\/api.w.org\/{rel}","templated":true}]}}