{"id":131,"date":"2018-06-20T11:33:17","date_gmt":"2018-06-20T11:33:17","guid":{"rendered":"https:\/\/grupos.unican.es\/pasep\/?page_id=131"},"modified":"2018-06-20T14:20:55","modified_gmt":"2018-06-20T14:20:55","slug":"publications-2016","status":"publish","type":"page","link":"https:\/\/grupos.unican.es\/pasep\/publications-2016\/","title":{"rendered":"PUBLICATIONS 2016"},"content":{"rendered":"<p style=\"text-align: justify;\">S. Dom\u00ednguez, M.J. Rivero, P. G\u00f3mez, R. Ib\u00e1\u00f1ez, I. Ortiz. <b>Kinetic<\/b> <b>modeling<\/b><b> and <\/b><b>energy<\/b> <b>evaluation<\/b><b> of <\/b><b>sodium<\/b> <b>dodecylbenzenesulfonate<\/b> <b>photocatalytic<\/b> <b>degradation<\/b><b> in a new LED reactor<\/b>. Journal of Industrial and Engineering Chemistry 37, 237-242, 2016.<\/p>\n<p style=\"text-align: justify;\">P. Fern\u00e1ndez-Castro, M.F. San Rom\u00e1n, I. Ortiz. <b>Theoretical<\/b><b> and experimental <\/b><b>formation<\/b><b> of <\/b><b>low<\/b> <b>chlorinated<\/b> <b>dibenzo<\/b><b>-p-<\/b><b>dioxins<\/b><b> and <\/b><b>dibenzofurans<\/b><b> in <\/b><b>the<\/b> <b>Fenton<\/b> <b>oxidation<\/b><b> of <\/b><b>chlorophenol<\/b> <b>solutions<\/b>. Chemosphere 161, 136-144, 2016.<\/p>\n<p style=\"text-align: justify;\">C. Fern\u00e1ndez-Gonz\u00e1lez, A. Dominguez-Ramos, R. Ib\u00e1\u00f1ez, A. Irabien. <b>Electrodialysis<\/b><b> with bipolar membranes for valorization of brines<\/b>. Separation and Purification Reviews 45(4), 275-287, 2016.<\/p>\n<p style=\"text-align: justify;\">J. G\u00f3mez-Pastora, E. Bringas, I. Ortiz. <b>Design<\/b><b> of novel <\/b><b>adsorption<\/b> <b>processes<\/b> <b>for<\/b> <b>the<\/b> <b>removal<\/b><b> of <\/b><b>arsenic<\/b> <b>from<\/b> <b>polluted<\/b> <b>groundwater<\/b> <b>employing<\/b> <b>functionalized<\/b> <b>magnetic<\/b> <b>nanoparticles<\/b><b>. <\/b>Chemical Engineering Transactions 47, 241-246, 2016.<\/p>\n<p style=\"text-align: justify;\">S.S. Hosseini, E. Bringas, N.R. Tan, I. Ortiz, M. Ghahramani, M. A.A. Shahmirzadi. <b>Recent<\/b> <b>Progress<\/b><b> in <\/b><b>Development<\/b><b> of High Performance <\/b><b>Polymeric<\/b> <b>Membranes<\/b><b> and <\/b><b>Materials<\/b> <b>for<\/b><b> Metal <\/b><b>Plating<\/b> <b>Wastewater<\/b> <b>Treatment<\/b><b>: A <\/b><b>Review<\/b>. Journal of Water Process Engineering 9, 78-110, 2016.<\/p>\n<p style=\"text-align: justify;\">O. Iglesias, M.J. Rivero, A.M. Urtiaga, I. Ortiz. <b>Membrane-based<\/b> <b>photocatalytic<\/b> <b>systems<\/b> <b>for<\/b> <b>process<\/b> <b>intensification<\/b>. Chemical Engineering Journal 305, 136-148, 2016.<\/p>\n<p style=\"text-align: justify;\">J. Pinedo, C.V. Garc\u00eda-Prieto, A.A. D\u00e1lessandro, R. Ib\u00e1\u00f1ez, S. Tonelli, M.S. D\u00edaz, A. Irabien. <b>Microalgae <\/b><b>Biorefinery<\/b><b> Alternatives and Hazard Evaluation<\/b>. Chemical Engineering Research and Design 107, 117-125, 2016.<\/p>\n<p style=\"text-align: justify;\">G. Zarca, W.J. Horne, I. Ortiz, A. Urtiaga, J.E. Bara. <b>Synthesis<\/b><b> and gas <\/b><b>separation<\/b> <b>properties<\/b><b> of <\/b><b>poly<\/b><b>(<\/b><b>ionic<\/b> <b>liquid<\/b><b>)-<\/b><b>ionic<\/b> <b>composite<\/b> <b>membranes<\/b> <b>containing<\/b><b> a <\/b><b>copper<\/b> <b>salt<\/b>. Journal of Membrane Science 515, 109-114, 2016.<\/p>\n<p style=\"text-align: justify;\">R. Zarca, A. Ortiz, D. Gorri, I. Ortiz. <b>Facilitated<\/b> <b>transport<\/b><b> of <\/b><b>propylene<\/b> <b>through<\/b> <b>composite<\/b> <b>polymer-ionic<\/b> <b>liquid<\/b> <b>membranes<\/b><b>. <\/b><b>Mass<\/b><b> transfer <\/b><b>analysis<\/b>. Chemical Product and Process Modeling 11(1), 77-81, 2016.<\/p>\n","protected":false},"excerpt":{"rendered":"<p>S. Dom\u00ednguez, M.J. Rivero, P. G\u00f3mez, R. Ib\u00e1\u00f1ez, I. Ortiz. Kinetic modeling and energy evaluation of sodium dodecylbenzenesulfonate photocatalytic degradation &hellip; <\/p>\n<p><a href=\"https:\/\/grupos.unican.es\/pasep\/publications-2016\/\" class=\"more-link\">Leer m\u00e1s<\/a><\/p>\n","protected":false},"author":2,"featured_media":0,"parent":0,"menu_order":0,"comment_status":"closed","ping_status":"closed","template":"","meta":{"footnotes":""},"class_list":["post-131","page","type-page","status-publish","hentry"],"_links":{"self":[{"href":"https:\/\/grupos.unican.es\/pasep\/wp-json\/wp\/v2\/pages\/131","targetHints":{"allow":["GET"]}}],"collection":[{"href":"https:\/\/grupos.unican.es\/pasep\/wp-json\/wp\/v2\/pages"}],"about":[{"href":"https:\/\/grupos.unican.es\/pasep\/wp-json\/wp\/v2\/types\/page"}],"author":[{"embeddable":true,"href":"https:\/\/grupos.unican.es\/pasep\/wp-json\/wp\/v2\/users\/2"}],"replies":[{"embeddable":true,"href":"https:\/\/grupos.unican.es\/pasep\/wp-json\/wp\/v2\/comments?post=131"}],"version-history":[{"count":2,"href":"https:\/\/grupos.unican.es\/pasep\/wp-json\/wp\/v2\/pages\/131\/revisions"}],"predecessor-version":[{"id":234,"href":"https:\/\/grupos.unican.es\/pasep\/wp-json\/wp\/v2\/pages\/131\/revisions\/234"}],"wp:attachment":[{"href":"https:\/\/grupos.unican.es\/pasep\/wp-json\/wp\/v2\/media?parent=131"}],"curies":[{"name":"wp","href":"https:\/\/api.w.org\/{rel}","templated":true}]}}