{"id":133,"date":"2018-06-20T11:33:11","date_gmt":"2018-06-20T11:33:11","guid":{"rendered":"https:\/\/grupos.unican.es\/pasep\/?page_id=133"},"modified":"2018-06-20T14:20:40","modified_gmt":"2018-06-20T14:20:40","slug":"publications-2015","status":"publish","type":"page","link":"https:\/\/grupos.unican.es\/pasep\/publications-2015\/","title":{"rendered":"PUBLICATIONS 2015"},"content":{"rendered":"<p style=\"text-align: justify;\">Bringas, E., Saiz, J., Ortiz, I. <b>Removal of As(V) from groundwater using functionalized magnetic adsorbent materials: Effects of competing ions<\/b>. Separation and Purification Technology 156, 599-707, 2015.<\/p>\n<p style=\"text-align: justify;\">Carrillo-Abad, M.J., Garc\u00eda-Gabald\u00f3n, M., Ortiz-G\u00e1ndara, I., Bringas, E., Urtiaga, A.M., Ortiz, I., P\u00e9rez-Herr\u00e1nz, V. <b>Selective<\/b> <b>recovery<\/b><b> of zinc <\/b><b>from<\/b> <b>spent<\/b> <b>pickling<\/b> <b>baths<\/b> <b>by<\/b> <b>teh<\/b> <b>combination<\/b><b> of <\/b><b>membrane-based<\/b> <b>solvent<\/b> <b>extraction<\/b><b> and <\/b><b>electrowinning<\/b> <b>technologies<\/b><b>. <\/b>Separation and Purification Technology 151, 232-242, 2015.<\/p>\n<p style=\"text-align: justify;\">D\u00edaz, M., Ortiz, A., Isik, M., Mecerreyes, D., Ortiz, I. <b>Highly conductive electrolytes based on poly([HSO<\/b><b>3<\/b><b>BVIM][TFO])\/[HSO<\/b><b>3<\/b><b>BMIM][TFO] mixtures for anhydrous fuel cell applications<\/b><b>. <\/b>Journal of Hydrogen Energy 40, 11294-11302, 2015.<\/p>\n<p style=\"text-align: justify;\">Dom\u00ednguez, S., Ribao, P., Rivero, M.J., Ortiz, I. <b>Influence of radiation and TiO2 concentration on the hydroxyl radicals generation in a photocatalytic LED reactor. Application to <\/b><b>dodecylbenzenesulfonate<\/b><b> degradation<\/b><b>. <\/b>Applied Catalysis B: Environmental 178, 165-169, 2015.<\/p>\n<p style=\"text-align: justify;\">Fern\u00e1ndez, P., Vallejo, M., San Rom\u00e1n, M.F., Ortiz, I. <b>Insight<\/b> <b>on<\/b> <b>the<\/b> <b>fundamentals<\/b><b> of <\/b><b>advanced<\/b> <b>oxidation<\/b> <b>processes<\/b><b>. Role and <\/b><b>review<\/b><b> of <\/b><b>determination<\/b> <b>methods<\/b><b> of <\/b><b>oxidizing<\/b> <b>radicals<\/b><b>. <\/b>Journal of Chemical Technology and Biotechnology 90 (5), 796-820, 2015.<\/p>\n<p style=\"text-align: justify;\">Fern\u00e1ndez-Gonz\u00e1lez, C., Dom\u00ednguez-Ramos, A., Ib\u00e1\u00f1ez, R., Irabien, J. A. <b>Sustainability assessment of <\/b><b>electrodialysis<\/b><b> powered by photovoltaic solar energy for freshwater production<\/b><b>. <\/b>Renewable and Sustainable Energy Reviews 47, 604-615, 2015.<\/p>\n<p style=\"text-align: justify;\">Jadhav, S.V., Bringas, E., Yadav, G.D., Rathod, V.K., Ortiz, I., Marathe, K.V. <b>Arsenic and fluoride contaminated <\/b><b>groundwaters<\/b><b>: A review of current technologies for contaminants removal.<\/b><b>.<\/b> Journal of Environmental Management 162, 306-325, 2015.<\/p>\n<p style=\"text-align: justify;\">Laso, J., Garc\u00eda, F., Bringas, E., Urtiaga, A., Ortiz, I. <b>Selective Recovery of Zinc over Iron from Spent Pickling Wastes <\/b><b>by Different <\/b><b>Membrane-based Solvent Extraction <\/b><b>Process Configurations<\/b><b>.<\/b> Industrial &amp; Engineering Chemistry Research 54, 3218-3224, 2015.<\/p>\n<p style=\"text-align: justify;\">Margallo, M., Aldaco, R., Barcel\u00f3, A., Dib\u00e1n, N., Ortiz, I., Irabien, A. <b>Life<\/b> <b>cycle<\/b> <b>assessment<\/b><b> of <\/b><b>technologies<\/b> <b>for<\/b> <b>partial<\/b> <b>dealcoholisation<\/b><b> of <\/b><b>wines<\/b>. Sustainable Production and Consumption 2, 29-39, 2015.<\/p>\n<p style=\"text-align: justify;\">Ortiz, I., Mosquera-Corral, A., Lema, J., Esplugas, S. <b>Advanced<\/b> <b>technologies<\/b> <b>for<\/b> <b>water<\/b> <b>treatment<\/b><b> and <\/b><b>reuse<\/b>. AIChE Journal 61(10), 3146-3156, 2015.<\/p>\n<p style=\"text-align: justify;\">P\u00e9rez-Gonz\u00e1lez, A., Ib\u00e1\u00f1ez, R., G\u00f3mez, P., Urtiaga, A.M., Ortiz, I., Irabien, J.A. <b>Recovery of desalination brines resources. Separation of divalent ions as a pretreatment step. <\/b>Desalination and Water Treatment, 56, 3617-3625, 2015.<\/p>\n<p style=\"text-align: justify;\">P\u00e9rez-Gonz\u00e1lez, A., Ib\u00e1\u00f1ez, R., G\u00f3mez, P., Urtiaga, A.M., Ortiz, I., Irabien, A. <b>Nanofiltration<\/b> <b>separation<\/b><b> of <\/b><b>polyvalent<\/b><b> and <\/b><b>monovalent<\/b> <b>anions<\/b><b> in <\/b><b>desalination<\/b><b> brines<\/b>. Journal of Membrane Science 473, 16-27, 2015.<\/p>\n<p style=\"text-align: justify;\">Schaefer, C., Andaya, C., Urtiaga, A. <b>Assessment of Disinfection and By-Product Formation during Electrochemical Treatment of Surface Water using a <\/b><b>Ti<\/b><b>\/IrO<\/b><b>2<\/b><b> Anode. <\/b>Chemical Engineering Journal 264, 411-416, 2015.<\/p>\n<p style=\"text-align: justify;\">Schaefer, C., Andaya, C., Urtiaga, A.. McKenzie, E.R., Higgins, C.P. <b>Electrochemical treatment of <\/b><b>perfluorooctanoic<\/b><b> acid (PFOA) and <\/b><b>perfluorooctane<\/b><b> sulfonic acid (PFOs) in groundwater impacted by aqueous film forming foams (AFFFs). <\/b>Journal of Hazardous Materials 295, 170-175, 2015.<\/p>\n<p style=\"text-align: justify;\">Urtiaga, A., Fern\u00e1ndez, D., G\u00f3mez, S., Ortiz, I. <b>Kinetics of the electrochemical mineralization of <\/b><b>perfluorooctanoic<\/b><b> acid on <\/b><b>nanocrystalline<\/b><b> conductive diamond electrodes<\/b><b>. <\/b>Chemosphere 129, 20-26, 2015.<\/p>\n<p style=\"text-align: justify;\">Urtiaga, A., G\u00f3mez, P., Arruti, A., Ortiz, I. <b>Electrochemical removal of tetrahydrofuran from industrial wastewaters: anode selection and process scale-up<\/b><b>. <\/b>Journal of Chemical Technology and Biotechnology 89, 1243-1250, 2015.<\/p>\n<p style=\"text-align: justify;\">Vallejo, M., San Rom\u00e1n, F., Ortiz, I., Irabien, A. <b>Overview<\/b><b> of <\/b><b>the<\/b><b> PCDD\/<\/b><b>Fs<\/b> <b>degradation<\/b> <b>potential<\/b><b> and <\/b><b>formation<\/b> <b>risk<\/b><b> in <\/b><b>the<\/b> <b>application<\/b><b> of <\/b><b>advanced<\/b> <b>oxidation<\/b> <b>processes<\/b><b> (<\/b><b>AOPs<\/b><b>) to <\/b><b>wastewater<\/b> <b>treatment<\/b><b>. <\/b>Chemosphere 118, 44-56, 2015.<\/p>\n<p style=\"text-align: justify;\">Vallejo, M., Fern\u00e1ndez-Castro, P., San Rom\u00e1n, F., Ortiz, I. <b>Assessment<\/b><b> of <\/b><b>the<\/b> <b>formation<\/b><b> of PCDD\/<\/b><b>Fs<\/b><b> in <\/b><b>the<\/b> <b>Fenton<\/b> <b>oxidation<\/b><b> of 2-chlorophenol: <\/b><b>Influence<\/b><b> of <\/b><b>the<\/b> <b>iron<\/b> <b>dose<\/b> <b>applied<\/b><b>. <\/b>Chemosphere 137, 135-141, 2015.<\/p>\n<p style=\"text-align: justify;\">Zarca, G., Urtiaga, A., Ortiz, I., Ca\u00f1izares, P., Rodrigo, M. <b>Carbon monoxide reactive separation with <\/b><b>basic1-hexyl-3-methylimidazolium <\/b><b>chlorocuprate<\/b><b>(I) ionic <\/b><b>liquid: Electrochemical <\/b><b>determination of mass transport <\/b><b>properties. <\/b>Separation and Purification Technology 141, 31-37, 2015.<\/p>\n<p style=\"text-align: justify;\">Zarca, G., Ortiz, I., Urtiaga, A. <b>Recovery of carbon monoxide from flue gases by reactive absorption in ionic liquid imidazolium <\/b><b>chlorocuprate<\/b><b> (I): Mass transfer coefficients<\/b>. Chinese Journal of Chemical Engineering 23, 769-774, 2015.<\/p>\n<p style=\"text-align: justify;\">Zarca, G., Ortiz, I., Urtiaga, A.M. <b>Behaviour<\/b><b> of 1-hexyl-3-methylimidazolium chloride supported ionic liquid membranes in the permeation of CO<\/b><b>2<\/b><b>, H<\/b><b>2<\/b><b>, CO and N<\/b><b>2<\/b><b> single and mixed <\/b><b>gases<\/b>. Desalination and Water Treatment 56, 3640-3646, 2015.<\/p>\n<p style=\"text-align: justify;\">Zarca, G., Fern\u00e1ndez, M., Santamar\u00eda A., Urtiaga, A., Ortiz, I. <b>Non-Newtonian shear thinning viscosity of carbon monoxide-selective ionic liquid 1-hexyl-3-methylimidazolium chloride doped with <\/b><b>CuCl<\/b>. Separation and Purification Technology 155, 96-100, 2015.<\/p>\n","protected":false},"excerpt":{"rendered":"<p>Bringas, E., Saiz, J., Ortiz, I. Removal of As(V) from groundwater using functionalized magnetic adsorbent materials: Effects of competing ions. &hellip; <\/p>\n<p><a href=\"https:\/\/grupos.unican.es\/pasep\/publications-2015\/\" class=\"more-link\">Leer m\u00e1s<\/a><\/p>\n","protected":false},"author":2,"featured_media":0,"parent":0,"menu_order":0,"comment_status":"closed","ping_status":"closed","template":"","meta":{"footnotes":""},"class_list":["post-133","page","type-page","status-publish","hentry"],"_links":{"self":[{"href":"https:\/\/grupos.unican.es\/pasep\/wp-json\/wp\/v2\/pages\/133","targetHints":{"allow":["GET"]}}],"collection":[{"href":"https:\/\/grupos.unican.es\/pasep\/wp-json\/wp\/v2\/pages"}],"about":[{"href":"https:\/\/grupos.unican.es\/pasep\/wp-json\/wp\/v2\/types\/page"}],"author":[{"embeddable":true,"href":"https:\/\/grupos.unican.es\/pasep\/wp-json\/wp\/v2\/users\/2"}],"replies":[{"embeddable":true,"href":"https:\/\/grupos.unican.es\/pasep\/wp-json\/wp\/v2\/comments?post=133"}],"version-history":[{"count":2,"href":"https:\/\/grupos.unican.es\/pasep\/wp-json\/wp\/v2\/pages\/133\/revisions"}],"predecessor-version":[{"id":233,"href":"https:\/\/grupos.unican.es\/pasep\/wp-json\/wp\/v2\/pages\/133\/revisions\/233"}],"wp:attachment":[{"href":"https:\/\/grupos.unican.es\/pasep\/wp-json\/wp\/v2\/media?parent=133"}],"curies":[{"name":"wp","href":"https:\/\/api.w.org\/{rel}","templated":true}]}}