{"id":135,"date":"2018-06-20T11:33:01","date_gmt":"2018-06-20T11:33:01","guid":{"rendered":"https:\/\/grupos.unican.es\/pasep\/?page_id=135"},"modified":"2018-06-20T14:20:21","modified_gmt":"2018-06-20T14:20:21","slug":"publications-2014","status":"publish","type":"page","link":"https:\/\/grupos.unican.es\/pasep\/publications-2014\/","title":{"rendered":"PUBLICATIONS 2014"},"content":{"rendered":"<p style=\"text-align: justify;\">De Pieri, S., Arruti, A., Humerovic, J., Suleimanovic, J., Selovic, A., Dordevic, D., Fern\u00e1ndez-Olmo, I., Gambaro, A. <b>PAHs<\/b><b> in <\/b><b>the<\/b> <b>urban<\/b><b> air of Sarajevo: <\/b><b>levels<\/b><b>, <\/b><b>sources<\/b><b>, <\/b><b>day<\/b><b>\/<\/b><b>night<\/b> <b>variation<\/b><b>, and <\/b><b>human<\/b> <b>inhalation<\/b> <b>risk<\/b><b>. <\/b>Accepted in Environmental Monitoring and Assessmet 186, 1409-1419, 2014.<\/p>\n<p style=\"text-align: justify;\">D\u00edaz, M., Ortiz, A., Ortiz, I. <b>Progress in the use of Ionic Liquids as Electrolyte membrane in Fuel Cells<\/b><b>.<\/b> Journal of Membrane Science 469, 379-396, 2014.<\/p>\n<p style=\"text-align: justify;\">D\u00edaz, M., Ortiz, A., Ortiz, I. <b>Performance of PEMFC with new polyvinyl-ionic liquids based membranes as electrolytes<\/b><b>.<\/b> International Journal of Hydrogen Energy 39, 3970-3977, 2014.<\/p>\n<p style=\"text-align: justify;\">Diban, N., Stamatialis, D. <b>Polymeric hollow fiber membranes for <\/b><b>bioartificial<\/b><b> organs and tissue engineering applications.<\/b> Journal of Chemical Technology and Biotechnology 89, 633-643, 2014.<\/p>\n<p style=\"text-align: justify;\">Diban, N., Ramos-Vivas, J., Remuzgo, S., Ortiz, I., Urtiaga, A. <b>Poly(\u03b5-<\/b><b>caprolactone<\/b><b>) films with <\/b><b>favourable<\/b><b> properties for neural cell <\/b><b>growth<\/b><b>. <\/b>Current Topics in Medicinal Chemistry 14, 2743-2749, 2014.<\/p>\n<p style=\"text-align: justify;\">Diban, N., <b>Perspectives on engineering organs in vitro: overcoming oxygen <\/b><b>supply limitations<\/b><b>. <\/b>Journal of Chemical Engineering Research Studies 1 (2): E3, 2014.<\/p>\n<p style=\"text-align: justify;\">Diban, N., Urtiaga, A., Ortiz, I., Ere\u00f1a, J., Bilbao, J., Aguayo, A. T. <b>Improved Performance of a PBM Reactor for Simultaneous <\/b><b>CO<\/b><b>2<\/b><b> Capture <\/b><b>and DME <\/b><b>Synthesis<\/b>, Industrial and Engineering Chemistry Research 53, 19479-19487, 2014.<\/p>\n<p style=\"text-align: justify;\">Gadipelly, Ch., P\u00e9rez-Gonz\u00e1lez, A., Yadav, G., Ortiz, I., Ib\u00e1\u00f1ez, R., Rathod, V., Marathe, K., Review, <b>Pharmaceutical industry waste water: Review of the technologies for water treatment and reuse<\/b><b>.<\/b> Industrial and Engineering Chemistry Research 53, 11571-11592, 2014.<\/p>\n<p style=\"text-align: justify;\">Garc\u00eda-Anton, J., Fern\u00e1ndez-Domene, R., S\u00e1nchez-Tovar, R., Escriv\u00e0-Cerd\u00e1n, C., Leiva-Garc\u00eda, R., Garc\u00eda, V., Urtiaga, A. <b>Improvement <\/b><b>of the electrochemical <\/b><b>behaviour<\/b><b> of Zn-electroplated steel using regenerated Cr(III) passivation <\/b><b>baths<\/b>. Chemical Engineering Science, 111, 402\u2013409, 2014.<\/p>\n<p style=\"text-align: justify;\">Garc\u00eda, V., H\u00e4yrynen, P., Landaburu, J., Piril\u00e4, M., Keiski, R. L., Urtiaga, A. <b>Purification techniques for the recovery of valuable compounds from acid mine drainage and cyanide tailings: Application of green engineering principles<\/b>. Journal of Chemical Technology &amp; Biotechnology, 89, 803\u2013813, 2014.<\/p>\n<p style=\"text-align: justify;\">G\u00f3mez, J., Bringas, E., Ortiz, I., Review, <b>Recent progress and future challenges on the use of high performance magnetic <\/b><b>nano<\/b><b>-adsorbents in environmental applications<\/b><b>.<\/b> Chemical Engineering Journal 256, 187-204, 2014.<\/p>\n<p style=\"text-align: justify;\">Ortiz, I. <b>Special<\/b> <b>issue<\/b><b> to <\/b><b>mark<\/b> <b>the<\/b> <b>career<\/b><b> and <\/b><b>the<\/b> <b>retirement<\/b><b> of <\/b><b>Professor<\/b><b> Michael Cox as <\/b><b>the<\/b> <b>Chemical<\/b> <b>Technology<\/b><b> Editor of <\/b><b>Journal<\/b><b> of <\/b><b>Chemical<\/b> <b>Technology<\/b><b> and <\/b><b>Biotechnology<\/b>. Journal of Chemical Technology and Biotechnology 89 (6), 769-769, 2014.<\/p>\n<p style=\"text-align: justify;\">P\u00e9rez-Gonz\u00e1lez, A., Ib\u00e1\u00f1ez, R., G\u00f3mez, P., Urtiaga, A.M. and Ortiz, I. <b>Integration<\/b><b> of <\/b><b>nanofiltration<\/b> <b>for<\/b> <b>the<\/b> <b>sustainable<\/b> <b>management<\/b><b> of reverse osmosis brines<\/b>. Chemical Engineering Transactions 39, 85-90, 2014.<\/p>\n<p style=\"text-align: justify;\">Pinedo, J., Ib\u00e1\u00f1ez, R., Lijzen, J.P.A., Irabien, A. <b>Human<\/b> <b>risk<\/b> <b>assessment<\/b><b> of <\/b><b>contaminated<\/b> <b>soils<\/b> <b>by<\/b> <b>oil<\/b> <b>products<\/b><b>: total TPH <\/b><b>content<\/b><b> vs. <\/b><b>Fraction<\/b> <b>approach<\/b><b>. <\/b>Human and Ecological Risk Assessment: An International Journal, 20 (5), 1231-1248, 2014.<\/p>\n<p style=\"text-align: justify;\">Pinedo, J., Ib\u00e1\u00f1ez, R., Irabien, A. <b>A comparison of models for assessing human risks for petroleum hydrocarbon in polluted <\/b><b>soils. <\/b>Environmental Modelling &amp; Software 55, 61-69, 2014.<\/p>\n<p style=\"text-align: justify;\">Pinedo, J., Ib\u00e1\u00f1ez, R., Lijzen, J.P.A., Irabien, A. <b>Assessment of Soil Pollution based on Total Petroleum Hydrocarbons and Individual Oil <\/b><b>Substances<\/b><b>. <\/b>Journal of Environmental Management 130, 72-79, 2014.<\/p>\n<p style=\"text-align: justify;\">Pinedo, J., Ib\u00e1\u00f1ez, R., Primo, O., G\u00f3mez, P. Irabien, A. <b>Preliminary Assessment of Soil Contamination by Hydrocarbon Storage Activities: Main Site Investigation Selection. Journal of Geochemical Exploration<\/b><b>. <\/b>Journal of Geochemical Exploration 147, 283-290, 2014.<\/p>\n<p style=\"text-align: justify;\">Rivero, M.J., Alonso, E., Dom\u00ednguez, S., Ribao, P., Ib\u00e1\u00f1ez, R., Ortiz, I., Irabien, A. <b>Kinetic Analysis and Biodegradability of the Fenton <\/b><b>Mineralisation<\/b><b> of <\/b><b>Bisphenol<\/b><b> A<\/b><b>.<\/b> Journal of Chemical Technology and Biotechnology 89, 1228-1234, 2014.<\/p>\n<p style=\"text-align: justify;\">Saiz, J., Bringas, E., Ortiz, I. <b>New <\/b><b>functionalized<\/b> <b>magnetic<\/b> <b>materials<\/b> <b>for<\/b><b> As<\/b><b>5+ <\/b><b>removal<\/b><b>. <\/b><b>Adsorbent<\/b> <b>regeneration<\/b><b> and <\/b><b>reuse<\/b><b>. <\/b>Industrial and Engineering Chemistry Research 53(49), 18928-18934, 2014.<\/p>\n<p style=\"text-align: justify;\">Saiz, J., Bringas, E., Ortiz, I.<b> Functionalized magnetic nanoparticles as new adsorption materials for arsenic removal from polluted <\/b><b>waters. <\/b>Journal of Chemical Technology and Biotechnology 89(6), 909-918, 2014.<\/p>\n<p style=\"text-align: justify;\">Urtiaga, A.M., Fern\u00e1ndez-Castro, P., G\u00f3mez, P., Ortiz, I. <b>Remediation<\/b><b> of <\/b><b>wastewaters<\/b> <b>containing<\/b> <b>tetrahydrofuran<\/b><b>. <\/b><b>Study<\/b><b> of <\/b><b>the<\/b> <b>electrochemical<\/b> <b>mineralization<\/b> <b>on<\/b><b> BDD <\/b><b>electrodes<\/b>. Chemical Engineering Journal 239, 341-350, 2014.<\/p>\n<p style=\"text-align: justify;\">Urtiaga, A., G\u00f3mez, P., Arruti, A., Ortiz, I. <b>Electrochemical removal of <\/b><b>tetrahydrofuran<\/b><b> from industrial wastewaters: anode selection and process scale-up<\/b><b>.<\/b> Journal of Chemical Technology and Biotechnology, 89, 1243-1250, 2014.<\/p>\n<p style=\"text-align: justify;\">Vali\u00f1o, V., Ib\u00e1\u00f1ez, R., San Rom\u00e1n, F., Ortiz, I. <b>Improved separation of bovine serum albumin and <\/b><b>lactoferrin<\/b><b> mixtures using charged ultrafiltration <\/b><b>membranes<\/b><b>.<\/b> Separation and Purification Technology 125, 163-169, 2014.<\/p>\n<p style=\"text-align: justify;\">Vali\u00f1o, V., San Rom\u00e1n, M.F., Ib\u00e1\u00f1ez, R., Benito, J.M., Escudero, I., Ortiz, I. <b>Accurate determination of key surface properties that determine the efficient separation of bovine milk BSA and LF proteins<\/b><b>.<\/b> Separation and Purification Technology, 135, 145\u2013157 , 2014.<\/p>\n<p style=\"text-align: justify;\">Vallejo, M., San Rom\u00e1n, M.F., Ortiz, I., Irabien, A. <b>The critical role of the operating conditions on the Fenton oxidation of 2-chlorophenol: Assessment of PCDD\/Fs formation<\/b><b>.<\/b> Journal of Hazardous Materials. 279, 579-585, 2014.<\/p>\n<p style=\"text-align: justify;\">Wojnarowska, Z., Paluch, M., Knapik, J., Ortiz, I., D\u00edaz, M., Ortiz, A. <b>Conductivity mechanism in polymerized imidazolium-based <\/b><b>protic<\/b><b> ionic liquids [HSO<\/b><b>3<\/b><b>-BVIm] [<\/b><b>Otf<\/b><b>]: Dielectric relaxation studies<\/b><b>.<\/b> Macromolecules 47, 4056-4065, 2014.<\/p>\n<p style=\"text-align: justify;\">Zarca, G., Ortiz, I., Urtiaga, A. <b>Kinetics<\/b><b> of <\/b><b>the<\/b> <b>carbon<\/b> <b>monoxide<\/b><b> reactive <\/b><b>uptake<\/b> <b>by<\/b> <b>an<\/b> <b>imidazolium<\/b> <b>chlorocuprate<\/b><b> (I) <\/b><b>ionic<\/b> <b>liquid<\/b><b>. <\/b>Chemical Engineering Journal 252, 293-304, 2014.<\/p>\n<p style=\"text-align: justify;\">Zarca, G., Ortiz, I., Urtiaga, A.M. <b>Facilitated-transport supported ionic liquid membranes for the simultaneous recovery of hydrogen and carbon monoxide from nitrogen-enriched gas mixtures<\/b><b>.<\/b> Chemical Engineering Research and Design 92, 764-768, 2014.<\/p>\n<p style=\"text-align: justify;\">Zarca, G., Ortiz, I., Urtiaga, A. <b>Carbon<\/b> <b>monoxide<\/b> <b>separation<\/b> <b>by<\/b><b> reactive <\/b><b>absorption<\/b><b> in <\/b><b>chlorocuprate<\/b><b> (I)-<\/b><b>based<\/b> <b>ionic<\/b> <b>liquid<\/b>. Separations Divison 2014-Core Programming Area at the 2014 AIChE Annual Meeting 1, 319-321, 2014.<\/p>\n<p style=\"text-align: justify;\">Zarca, G., Dib\u00e1n, N., Urtiaga, A., Ortiz, I. <b>Simultaneous<\/b><b> CO<\/b><b>2<\/b> <b>valorisation<\/b><b> and DME <\/b><b>production<\/b> <b>using<\/b><b> a <\/b><b>packed-bed<\/b> <b>membrane<\/b><b> reactor <\/b><b>with<\/b><b> in situ <\/b><b>water<\/b> <b>removal<\/b>. Catalysis and reaction engineering divison 2014 &#8211; Core Programming Area at the 2014 AIChe Annual Meeting 2, 935-936, 2014.<\/p>\n<p>&nbsp;<\/p>\n","protected":false},"excerpt":{"rendered":"<p>De Pieri, S., Arruti, A., Humerovic, J., Suleimanovic, J., Selovic, A., Dordevic, D., Fern\u00e1ndez-Olmo, I., Gambaro, A. PAHs in the &hellip; <\/p>\n<p><a href=\"https:\/\/grupos.unican.es\/pasep\/publications-2014\/\" class=\"more-link\">Leer m\u00e1s<\/a><\/p>\n","protected":false},"author":2,"featured_media":0,"parent":0,"menu_order":0,"comment_status":"closed","ping_status":"closed","template":"","meta":{"footnotes":""},"class_list":["post-135","page","type-page","status-publish","hentry"],"_links":{"self":[{"href":"https:\/\/grupos.unican.es\/pasep\/wp-json\/wp\/v2\/pages\/135","targetHints":{"allow":["GET"]}}],"collection":[{"href":"https:\/\/grupos.unican.es\/pasep\/wp-json\/wp\/v2\/pages"}],"about":[{"href":"https:\/\/grupos.unican.es\/pasep\/wp-json\/wp\/v2\/types\/page"}],"author":[{"embeddable":true,"href":"https:\/\/grupos.unican.es\/pasep\/wp-json\/wp\/v2\/users\/2"}],"replies":[{"embeddable":true,"href":"https:\/\/grupos.unican.es\/pasep\/wp-json\/wp\/v2\/comments?post=135"}],"version-history":[{"count":2,"href":"https:\/\/grupos.unican.es\/pasep\/wp-json\/wp\/v2\/pages\/135\/revisions"}],"predecessor-version":[{"id":232,"href":"https:\/\/grupos.unican.es\/pasep\/wp-json\/wp\/v2\/pages\/135\/revisions\/232"}],"wp:attachment":[{"href":"https:\/\/grupos.unican.es\/pasep\/wp-json\/wp\/v2\/media?parent=135"}],"curies":[{"name":"wp","href":"https:\/\/api.w.org\/{rel}","templated":true}]}}