{"id":137,"date":"2018-06-20T11:32:49","date_gmt":"2018-06-20T11:32:49","guid":{"rendered":"https:\/\/grupos.unican.es\/pasep\/?page_id=137"},"modified":"2018-06-20T14:19:22","modified_gmt":"2018-06-20T14:19:22","slug":"publications-2013","status":"publish","type":"page","link":"https:\/\/grupos.unican.es\/pasep\/publications-2013\/","title":{"rendered":"PUBLICATIONS 2013"},"content":{"rendered":"<p style=\"text-align: justify;\">Bringas, E., San Rom\u00e1n, M.F., Urtiaga, A.M., Ortiz, I. <b>Integrated<\/b><b> use of <\/b><b>liquid<\/b> <b>membrane<\/b> <b>contactors<\/b><b>: <\/b><b>enhancing<\/b> <b>the<\/b> <b>efficiency<\/b><b> of L-L reactive <\/b><b>separations<\/b><b>.<\/b> Chemical Engineering Journal and Processing 67, 120-129, 2013.<\/p>\n<p style=\"text-align: justify;\">Diban, N., Urtiaga, A.M., Ortiz, I., Ere\u00f1a, J., Bilbao, J., Aguayo, A.T. <b>Influence<\/b><b> of <\/b><b>the<\/b> <b>membrane<\/b> <b>properties<\/b> <b>on<\/b> <b>the<\/b> <b>catalytic<\/b> <b>production<\/b><b> of <\/b><b>dimethyl<\/b> <b>ether<\/b> <b>with<\/b><b> in situ <\/b><b>water<\/b> <b>removal<\/b> <b>for<\/b> <b>the<\/b> <b>succesful<\/b><b> capture of CO<\/b><b>2<\/b><b>. <\/b>Chemical Engineering Journal 234, 140-148, 2013.<\/p>\n<p style=\"text-align: justify;\">Diban, N., Aguayo, A.T., Bilbao, J., Urtiaga, A.M., Ortiz, I., <b>Membrane<\/b> <b>reactors<\/b> <b>for<\/b><b> in situ <\/b><b>water<\/b> <b>removal<\/b><b>: A <\/b><b>review<\/b><b> of <\/b><b>applications<\/b><b>. <\/b>Industrial and Engineering Chemistry Research 52, 10342-10354, 2013.<\/p>\n<p style=\"text-align: justify;\">Diban, N., Haimi, S., Bolhuis-Versteeg, L, Teixeira, S., Miettinen, S., Poot, A. <b>Development<\/b><b> and <\/b><b>characterization<\/b><b> of <\/b><b>poly<\/b><b>(e-<\/b><b>caprolactone<\/b><b>) <\/b><b>hollow<\/b> <b>fiber<\/b> <b>membranes<\/b> <b>for<\/b><b> vascular <\/b><b>tissue<\/b> <b>engineering<\/b><b>. <\/b>Journal of Membrane Science 438, 29-37, 2013.<\/p>\n<p style=\"text-align: justify;\">Diban, N., Haimi, S., Bolhuis-Versteeg, L, Teixeira, S., Miettinen, S., Poot, A. <b>Hollow<\/b> <b>fibers<\/b><b> of <\/b><b>poly<\/b><b>(<\/b><b>lactide-co-glycolide<\/b><b>) and <\/b><b>poly<\/b><b>(e-<\/b><b>caprolactone<\/b><b>) <\/b><b>blends<\/b> <b>for<\/b><b> vascular <\/b><b>tissue<\/b> <b>engineering<\/b> <b>applications<\/b><b>. <\/b>Acta Biomaterialia 9, 6450-6458, 2013.<\/p>\n<p style=\"text-align: justify;\">Diban, N., Arruti, A., Barcel\u00f3, A., Puxeu, M., Urtiaga, A., Ortiz, I. <b>Membrane<\/b> <b>dealcoholization<\/b><b> of <\/b><b>different<\/b> <b>wine<\/b> <b>varieties<\/b> <b>reducing<\/b><b> aroma <\/b><b>losses<\/b><b>. <\/b><b>Modeling<\/b><b> and experimental <\/b><b>validation<\/b><b>. <\/b>Innovative Food Science and Emerging Technologies 20, 259-268, 2013.<\/p>\n<p style=\"text-align: justify;\">Faiz, R., Fallanza, M., Boributh, S., Jiraratananon, R. <b>Long <\/b><b>term<\/b> <b>stability<\/b><b> of PTFE and PVDF <\/b><b>membrane<\/b> <b>contactors<\/b><b> in <\/b><b>the<\/b> <b>application<\/b><b> of <\/b><b>propylene<\/b><b>\/<\/b><b>propane<\/b> <b>separation<\/b> <b>using<\/b><b> AgNO<\/b><b>3<\/b> <b>solution<\/b>. Chem. Eng. Sci. 94, 108-119, 2013.<\/p>\n<p style=\"text-align: justify;\">Faiz, R., Fallanza, M., Ortiz, I., Li, K. <b>Separation<\/b><b> of <\/b><b>olefin<\/b><b>\/<\/b><b>paraffin<\/b><b> gas mixtures <\/b><b>using<\/b> <b>ceramic<\/b> <b>hollow<\/b> <b>fiber<\/b> <b>membrane<\/b> <b>contactors<\/b><b>.<\/b> Ind. Eng. Chem. Res. 52 (23), 7918-7929, 2013.<\/p>\n<p style=\"text-align: justify;\">Fallanza, M., Ortiz, A., Gorri, D., Ortiz, I. <b>Using<\/b> <b>membrane<\/b><b> reactive <\/b><b>absorption<\/b> <b>modelling<\/b> <b>to<\/b> <b>predict<\/b> <b>optimum<\/b> <b>process<\/b> <b>conditions<\/b><b> in <\/b><b>the<\/b> <b>separation<\/b><b> of <\/b><b>propane-propylene<\/b><b> mixtures<\/b>. Industrial &amp; Engineering Chemistry Research 52, 8843-8855, 2013.<\/p>\n<p style=\"text-align: justify;\">Fallanza, M., Ortiz, A., Gorri, D., Ortiz, I. <b>Propylene<\/b><b> and <\/b><b>propane<\/b> <b>solubility<\/b><b> in <\/b><b>ionic<\/b> <b>liquids<\/b> <b>containing<\/b><b> a <\/b><b>silver<\/b> <b>salt<\/b>. Journal of Chemical &amp; Engineering Data 58, 2147-2153, 2013.<\/p>\n<p style=\"text-align: justify;\">Fallanza, M., Ortiz, A., Gorri, D., Ortiz, I. <b>Polymer-ionic<\/b> <b>liquid<\/b> <b>composite<\/b> <b>membranes<\/b> <b>for<\/b> <b>propane<\/b><b>\/<\/b><b>propylene<\/b> <b>separation<\/b> <b>by<\/b> <b>facilitated<\/b> <b>transport<\/b><b>.<\/b> Journal of Membrane Science 444, 164-172, 2013.<\/p>\n<p style=\"text-align: justify;\">Fallanza, M., Gonz\u00e1lez-Miguel, M., Ruiz, E., Ortiz, A., Gorri, D., Palomar, J., Ortiz, I. <b>Screening<\/b> <b>RTILs<\/b> <b>for<\/b> <b>propane<\/b><b>\/<\/b><b>propylene<\/b> <b>separation<\/b> <b>using<\/b><b> COSMO-RS <\/b><b>methodology<\/b><b>. <\/b>Chemical Engineering Journal 220, 284-293, 2013.<\/p>\n<p style=\"text-align: justify;\">Garc\u00eda, V., Steeqhs, V., Routen, M., Ortiz, I., Urtiaga, A. <b>Implementation<\/b><b> of <\/b><b>an<\/b> <b>ecoinnovative<\/b> <b>separation<\/b> <b>process<\/b> <b>for<\/b><b> a <\/b><b>clenar<\/b> <b>chromiun<\/b> <b>passivation<\/b><b> in <\/b><b>the<\/b> <b>galvanic<\/b> <b>industry<\/b>. Djournal of Cleaner Production 59, 274-283, 2013.<\/p>\n<p style=\"text-align: justify;\">Garc\u00eda, V., Valkama, H., Sliz, R., King, A., Myllyl\u00e4, R., Kilpel\u00e4inen, I., Keiski, R. <b>Pervaporation<\/b> <b>recovery<\/b><b> of [AMIM]Cl <\/b><b>during<\/b> <b>wood<\/b> <b>dissolution<\/b><b>; <\/b><b>effect<\/b><b> of [AMIM]Cl <\/b><b>properties<\/b> <b>on<\/b> <b>the<\/b> <b>membrane<\/b><b> performance. <\/b>Journal of Membrane Science 444, 9-15, 2013.<\/p>\n<p style=\"text-align: justify;\">Garc\u00eda, V., Margallo, M., Aldaco, R., Urtiaga, A., Irabien, A. <b>Environmental<\/b> <b>sustainability<\/b> <b>assessment<\/b><b> of <\/b><b>an<\/b> <b>innovative<\/b><b> Cr(III) <\/b><b>passivation<\/b> <b>process<\/b><b>. <\/b>ACS Sustainable Chemistry and Engineering 1, 481-847, 2013.<\/p>\n<p style=\"text-align: justify;\">Garc\u00eda, V., Pongr\u00e1ncz, E., Phillips, P.S, Keikis, R.L. <b>From<\/b> <b>waste<\/b> <b>treatment<\/b> <b>to<\/b> <b>resource<\/b> <b>efficiency<\/b><b> in <\/b><b>the<\/b> <b>chemical<\/b> <b>industry<\/b><b>: <\/b><b>Recovery<\/b><b> of <\/b><b>organic<\/b> <b>solvents<\/b> <b>from<\/b> <b>waters<\/b> <b>containing<\/b> <b>electrolytes<\/b> <b>by<\/b> <b>pervaporation<\/b><b>. <\/b>Journal of Cleaner Production 39, 146-153, 2013.<\/p>\n<p style=\"text-align: justify;\">Ib\u00e1\u00f1ez, R., P\u00e9rez-Gonz\u00e1lez, A., G\u00f3mez, P. Urtiaga, A.M., Ortiz, I. <b>Acid<\/b><b> and base <\/b><b>recovery<\/b> <b>from<\/b> <b>softened<\/b><b> reverse osmosis (RO) brines. Experimental <\/b><b>assessment<\/b> <b>using<\/b> <b>model<\/b> <b>concentrates<\/b>. Desalination 309, 165-170, 2013.<\/p>\n<p style=\"text-align: justify;\">Pinedo, J., Ib\u00e1\u00f1ez, R., Lijzen, J.P.A., Irabien, A. <b>Assessment<\/b><b> of <\/b><b>soil<\/b> <b>pollution<\/b> <b>based<\/b> <b>on<\/b><b> Total <\/b><b>Petroleum<\/b> <b>Hydrocarbons<\/b><b> and individual <\/b><b>oil<\/b> <b>substances<\/b><b>. <\/b>Journal of Environmental Manangement 130, 72-79, 2013.<\/p>\n<p style=\"text-align: justify;\">Urtiaga, A.M., P\u00e9rez, G., Ib\u00e1\u00f1ez, R., Ortiz, I. <b>Removal<\/b><b> of <\/b><b>pharmaceuticals<\/b> <b>from<\/b><b> a WWTP <\/b><b>secondary<\/b> <b>effluent<\/b> <b>by<\/b><b> ultrafiltration\/reverse osmosis <\/b><b>followed<\/b> <b>by<\/b> <b>electrochemical<\/b> <b>oxidation<\/b><b> of <\/b><b>the<\/b><b> RO <\/b><b>concentrate<\/b>. Desalination 331, 26-34, 2013.<\/p>\n<p style=\"text-align: justify;\">Vallejo, M., San Rom\u00e1n, M.F., Ortiz, I. <b>Quantitative<\/b> <b>assessment<\/b><b> of <\/b><b>the<\/b> <b>formation<\/b><b> of <\/b><b>polychlorinated<\/b> <b>derivatives<\/b><b>, PCDD\/<\/b><b>Fs<\/b><b>, in <\/b><b>the<\/b> <b>electrochemical<\/b> <b>oxidation<\/b><b> of 2-chlorophenol as <\/b><b>function<\/b><b> of <\/b><b>the<\/b> <b>electrolyte<\/b> <b>type<\/b>. Environmental Science and Technology, 47, 12400-12408, 2013.<\/p>\n<p style=\"text-align: justify;\">Vallejo, M., San Rom\u00e1n, M.F., Irabien, A., Ortiz, I. <b>Comparative<\/b> <b>study<\/b><b> of <\/b><b>the<\/b> <b>destruction<\/b><b> of <\/b><b>polychlorinated<\/b> <b>dibenzo<\/b><b>-p-<\/b><b>dioxins<\/b><b> and <\/b><b>dibenzofurans<\/b> <b>during<\/b> <b>Fenton<\/b><b> and <\/b><b>electrochemical<\/b> <b>oxidation<\/b><b> of <\/b><b>landfill<\/b><b> leachates.<\/b> Chemosphere 90, 132-138, 2013.<\/p>\n<p style=\"text-align: justify;\">Zarca, G., Ortiz, I., Urtiaga, A. <b>Copper<\/b><b>(I)-<\/b><b>containing<\/b> <b>supported<\/b> <b>ionic<\/b> <b>liquid<\/b> <b>membranes<\/b> <b>for<\/b> <b>carbon<\/b> <b>monoxide<\/b><b>\/<\/b><b>nitrogen<\/b> <b>separation<\/b>. Journal of Membrane Science 438, 38-45, 2013.<\/p>\n","protected":false},"excerpt":{"rendered":"<p>Bringas, E., San Rom\u00e1n, M.F., Urtiaga, A.M., Ortiz, I. Integrated use of liquid membrane contactors: enhancing the efficiency of L-L &hellip; <\/p>\n<p><a href=\"https:\/\/grupos.unican.es\/pasep\/publications-2013\/\" class=\"more-link\">Leer m\u00e1s<\/a><\/p>\n","protected":false},"author":2,"featured_media":0,"parent":0,"menu_order":0,"comment_status":"closed","ping_status":"closed","template":"","meta":{"footnotes":""},"class_list":["post-137","page","type-page","status-publish","hentry"],"_links":{"self":[{"href":"https:\/\/grupos.unican.es\/pasep\/wp-json\/wp\/v2\/pages\/137","targetHints":{"allow":["GET"]}}],"collection":[{"href":"https:\/\/grupos.unican.es\/pasep\/wp-json\/wp\/v2\/pages"}],"about":[{"href":"https:\/\/grupos.unican.es\/pasep\/wp-json\/wp\/v2\/types\/page"}],"author":[{"embeddable":true,"href":"https:\/\/grupos.unican.es\/pasep\/wp-json\/wp\/v2\/users\/2"}],"replies":[{"embeddable":true,"href":"https:\/\/grupos.unican.es\/pasep\/wp-json\/wp\/v2\/comments?post=137"}],"version-history":[{"count":2,"href":"https:\/\/grupos.unican.es\/pasep\/wp-json\/wp\/v2\/pages\/137\/revisions"}],"predecessor-version":[{"id":230,"href":"https:\/\/grupos.unican.es\/pasep\/wp-json\/wp\/v2\/pages\/137\/revisions\/230"}],"wp:attachment":[{"href":"https:\/\/grupos.unican.es\/pasep\/wp-json\/wp\/v2\/media?parent=137"}],"curies":[{"name":"wp","href":"https:\/\/api.w.org\/{rel}","templated":true}]}}