{"id":1373,"date":"2019-01-10T16:51:13","date_gmt":"2019-01-10T16:51:13","guid":{"rendered":"https:\/\/grupos.unican.es\/pasep\/?page_id=1373"},"modified":"2020-02-20T12:21:37","modified_gmt":"2020-02-20T12:21:37","slug":"publications-2019","status":"publish","type":"page","link":"https:\/\/grupos.unican.es\/pasep\/publications-2019\/","title":{"rendered":"PUBLICATIONS 2019"},"content":{"rendered":"\n<p>E. Brillas, V. Montiel, I. Sir\u00e9s, A. Urtiaga. Editorial of the <strong>Special\nIssue on advanced electrochemical technologies for environmental applications<\/strong>. Separation and Purification\nTechnology 208, 1-2, 2019.<\/p>\n\n\n\n<p>J.\nCorredor, M.J. Rivero, C.M. Rangel, f. Gloaguen, I. Ortiz. <strong>Comprehensive\nreview and future perspectives on the photocatalytic hydrogen production<\/strong>. Journal of Chemical Technology\nand Biotechnology 94, 3049-3063. 2019.<\/p>\n\n\n\n<p>A. Dom\u00ednguez-Ramos, M. \u00c1lvarez-Guerra, G.\nD\u00edaz-Sainz, R. Ib\u00e1\u00f1ez, A. Irabien. <strong>Learning-by-doing: The <\/strong><strong>Chem<\/strong><strong>-E-Car\ncompetition in the University of Cantabria as case study<\/strong>. Education for Chemical Engineers\n26, 14-23, 2019.<\/p>\n\n\n\n<p>G. Feijoo, R. Ib\u00e1\u00f1ez, J. Herguido, P. Partal,\nM. Tobajas, J. S\u00e8mpere, M.F. L\u00f3pez-P\u00e9rez, M. J. Rivero. <strong>Reprint\nof: Education of Chemical Engineering in Spain: A global picture.<\/strong> Education for Chemical Engineers\n26, 2-7, 2019.<\/p>\n\n\n\n<p>C. Ferreriro, N. Villota, J. I. Lombra\u00f1a, M.J. Rivero, V. Z\u00fa\u00f1iga, J.M. Riotuerto. <strong>Analysis of a hybrid\nsuspended-supported photocatalytic reactor for the treatment of wastewater\ncontaining <\/strong><strong>benzothiazole<\/strong><strong> and\naniline.<\/strong>\nWater 11(2), 337. 2019.<\/p>\n\n\n\n<p>C. Ferreriro, N. Villota, J. I. Lombra\u00f1a, M. J. Rivero. <strong>An\nefficient catalytic process for the treatment of genotoxic aniline wastewater\nusing a new granular activated carbon-supported titanium dioxide composite<\/strong>. Journal of Cleaner Production\n228, 1282-1295, 2019.<\/p>\n\n\n\n<p>L. G\u00f3mez-Coma, V.M. Ortiz-Mart\u00ednez, J. Carmona, L. Palacio, P. Pr\u00e1danos, M. Fallanza, A. Ortiz, R. Ib\u00e1\u00f1ez, I. Ortiz. <strong>Modeling the influence of divalent ions on membrane resistance and electric power in reverse electrodialysis<\/strong>. Journal of Membrane Science 592, 117385, 2019.<\/p>\n\n\n\n<p>J. G\u00f3mez-Pastora, I.H. Karampelas, E. Bringas, E. P. Furlani, I. Ortiz. <strong>Numerical\nanalysis of bead <\/strong><strong>magnetophoresis<\/strong><strong> from\nflowing blood in a continuous-flow microchannel: Implications to the bead fluid\ninteractions<\/strong>.\nScientific Reports 9(1), 7265, 2019.<\/p>\n\n\n\n<p>J.\nG\u00f3mez-Pastora, V. Amiri Roodan,\nI.H. Karampelas, A. Q. Alorabi, M. D. Tarn, A. Iles, E. Bringas,\nV.N. Paunov, N. Pamme,\nE. P. Furlani, I. Ortiz. <strong>Two-step\nnumerical approach to predict <\/strong><strong>ferrofluid<\/strong><strong> droplet generation and\nmanipulation inside <\/strong><strong>multilaminar<\/strong><strong> flow\nchambers<\/strong>.\nJournal of Physical Chemistry c 125 (15), 10065-10080, 2019.<\/p>\n\n\n\n<p>B. G\u00f3mez-Ruiz, N. Diban, A. Urtiaga. <strong>Comparison\nof microcrystalline and <\/strong><strong>ultrananocrystalline<\/strong><strong>\nboron doped diamond anodes: Influence on <\/strong><strong>perfluorooctanoic<\/strong><strong> acid\nelectrolysis<\/strong>.\nSeparation and Purification Technology 208, 169-177, 2019.<\/p>\n\n\n\n<p>M. Guate, A. Ortiz, I. Ortiz. <strong>New\npolymer catalytic membranes for nitrite reduction: Experimental assessment<\/strong>. Journal of Membrane Science &amp;\nResearch 5(2), 157-164, 2019.<\/p>\n\n\n\n<p>M.\nHerrero-Gonz\u00e1lez, N. Admon, A. Dom\u00ednguez-Ramos, R. Iba\u00f1ez, A. Wolfson, A.\nIrabien. <strong>Environmental\nsustainability assessment of seawater reverse osmosis valorization by means of <\/strong><strong>electrodialysis<\/strong>. Environmental Science and\nPollution Research. Article in press.\nhttps:\/\/doi.org\/10.1007\/s11356-019-04788-w (2019).<\/p>\n\n\n\n<p>R.\nIb\u00e1\u00f1ez, M. J. Rivero. <strong>Special\nissue IV Conference on Innovation on Chemical Engineering. (IV CIDIQ)<\/strong>. Education for Chemical Engineers\n26, 1, 2019.<\/p>\n\n\n\n<p>A. Basauri, J. G\u00f3mez-Pastora, M. Fallanza, E. Bringas, I. Ortiz. <strong>Predictive model for the design of reactive micro-separations<\/strong>. Separation &amp; Purification Technology 209, 900-907, 2019. <\/p>\n\n\n\n<p>S. Laguillo, J.S. Ochoa, A. Ortiz. <strong>Chemical\nreaction mechanisms assessment for simulation of methane combustion in domestic\ngas cooking burners<\/strong>.\nEnergy and Fuels 33(9), 9171-9183, 2019.<\/p>\n\n\n\n<p>P. Ortiz-Albo, S. Torres-Ortega, M.\nGonz\u00e1lez-Prieto, A. Urtiaga, R. Ib\u00e1\u00f1ez. <strong>Techno-economic feasibility analysis for\nminor elements valorization from desalination concentrates<\/strong>. Separation and Purification\nReviews 48(3), 220-241, 2019.<\/p>\n\n\n\n<p>P. Ortiz-Albo, R. Ib\u00e1\u00f1ez, A.\nUrtiaga, I. Ortiz. <strong>Phenomenological\nprediction of desalination brines <\/strong><strong>nanofiltration<\/strong><strong>\nthrough the indirect determination of zeta potential<\/strong>. Separation &amp; Purification\nTechnology 210, 746-753, 2019.<\/p>\n\n\n\n<p>R.\nOrtiz-Imedio, L. G\u00f3mez-Coma, M. Fallanza, A. Ortiz, R. Ib\u00e1\u00f1ez, I. Ortiz. <strong>Comparative\nperformance of salinity gradient power-reverse <\/strong><strong>electrodialysis<\/strong><strong>\nunder different operating conditions<\/strong>.\nDesalination 457, 8-21, 2019.<\/p>\n\n\n\n<p>V.M. Ortiz-Mart\u00ednez, L. G\u00f3mez-Coma, A.\nOrtiz, I. Ortiz. <strong>Overview\non the use of surfactants for the preparation of porous carbon materials by the\nsol-gel method: Applications in energy systems<\/strong>. Reviews in Chemical Engineering.\nArticle in press. 2019. DOI: 10.1515\/revce-2018-0056.<\/p>\n\n\n\n<p>V.M.\nOrtiz-Mart\u00ednez, A. Ortiz, V. Fern\u00e1ndez-Stefanuto, E. Tojo,\nM. Colpaert, B. Ameduri, I. Ortiz. <strong>Fuel\ncell electrolyte membranes based on <\/strong><strong>copolymersof<\/strong><strong> <\/strong><strong>protic<\/strong><strong>\nionic liquid [HSO<\/strong><strong><sub>3<\/sub><\/strong><strong>-BVIm][<\/strong><strong>TfO<\/strong><strong>]\nwith MMA and <\/strong><strong>hPFSVE<\/strong>. Polymers 179, 28, 2019.<\/p>\n\n\n\n<p>P. Ribao, J. Corredor, M.J. Rivero, I. Ortiz. <strong>Role of reactive oxygen species on the activity of noble metal-doped TiO<sub>2<\/sub> photocatalysts<\/strong>. Journal of Hazardous Materials 372, 45-51, 2019.<\/p>\n\n\n\n<p>P.\nRibao, M.A. Esteves, V.R. Fernandes, M.J. Rivero, C.M. Rangel, I.\nOrtiz. <strong>Challenges\narising from the use of TiO<\/strong><strong><sub>2<\/sub><\/strong><strong>\/<\/strong><strong>rGO<\/strong><strong>\/Pt <\/strong><strong>photocatalysts<\/strong><strong> to\nproduce hydrogen from crude glycerol compared to synthetic glycerol.<\/strong> International Journal of Hydrogen\nEnergy 44, 28494 -28506, 2019.<\/p>\n\n\n\n<p>M.J. Rivero, O. Iglesias, P. Ribao, I.\nOrtiz. <strong>Kinetic\nperformance of TiO<\/strong><strong><sub>2<\/sub><\/strong><strong>\/Pt\/reduced graphene oxide\ncomposites in the photocatalytic hydrogen production<\/strong>. International Journal of Hydrogen\nEnergy 44, 101-109, 2019.<\/p>\n\n\n\n<p>C. Sol\u00e1-Guti\u00e9rrez,\nS. Schr\u00f6der, M. F. San Rom\u00e1n, I. Ortiz. <strong>PCDD\/Fs\ntraceability during <\/strong><strong>triclosan<\/strong><strong>\nelectrochemical oxidation<\/strong>.\nJournal of Hazardous Materials 369, 584-592, 2019.<\/p>\n\n\n\n<p>A.\nSoriano, D. Gorri, L.T. Bliegler, A. Urtiaga. <strong>An\noptimization model for the treatment of <\/strong><strong>perfluorocarboxylic<\/strong><strong>\nacids considering membrane <\/strong><strong>preconcentration<\/strong><strong> and\nBDD <\/strong><strong>electrooxidation<\/strong>. Water Research 164, 114954, 2019.<\/p>\n\n\n\n<p>A. Soriano, D. Gorri, A. Urtiaga. <strong>Selection\nof high flux membrane for the effective removal of short-chain <\/strong><strong>perfluorocarboxylic<\/strong><strong>\nacids<\/strong>.\nIndustrial and Engineering Chemistry Research 58(8), 3329-3338, 2019.<\/p>\n\n\n\n<p>A.\nSoriano, D. Gorri, A. Urtiaga, <strong>Membrane pre-concentration as an\nefficient tool to reduce the energy consumption of <\/strong><strong>perfluorohexanoic<\/strong><strong> acid\nelectrochemical treatment<\/strong>.\nSeparation and Purification Technology 208, 160-168, 2019.<\/p>\n\n\n\n<p>M. Y\u00e1\u00f1ez, A. Ortiz, B. Brunaud, I. E. Grossmann, I. Ortiz. <strong>The use of optimization tools for the hydrogen circular economy<\/strong>. Computer Aided Chemical Engineering 46, 1777-1782, 2019.<\/p>\n\n\n\n<p>R.\nZarca, A.C.C. Campos, A. Ortiz, D. Gorri, I. Ortiz. <strong>Comprehensive\nstudy of PVDF-HFP\/BMImBF<\/strong><strong><sub>4<\/sub><\/strong><strong>\/AgBF<\/strong><strong><sub>4<\/sub><\/strong><strong>\nmembranes for propylene purification<\/strong>.\nJournal of Membrane Science 572, 255-261, 2019.<\/p>\n\n\n\n<p>R.\nZarca, A. Ortiz, D. Gorri, L. T. Biegler, I. Ortiz. <strong>Optimization\nof multistage olefin\/paraffin membrane separation processes through rigorous\nmodeling<\/strong>.\nAICHE Journal. Article in press 2019. https:\/\/doi.org\/10.1002\/aic.16588.<\/p>\n","protected":false},"excerpt":{"rendered":"<p>E. Brillas, V. Montiel, I. Sir\u00e9s, A. Urtiaga. Editorial of the Special Issue on advanced electrochemical technologies for environmental applications. &hellip; <\/p>\n<p><a href=\"https:\/\/grupos.unican.es\/pasep\/publications-2019\/\" class=\"more-link\">Leer m\u00e1s<\/a><\/p>\n","protected":false},"author":2,"featured_media":0,"parent":0,"menu_order":0,"comment_status":"closed","ping_status":"closed","template":"","meta":{"footnotes":""},"class_list":["post-1373","page","type-page","status-publish","hentry"],"_links":{"self":[{"href":"https:\/\/grupos.unican.es\/pasep\/wp-json\/wp\/v2\/pages\/1373","targetHints":{"allow":["GET"]}}],"collection":[{"href":"https:\/\/grupos.unican.es\/pasep\/wp-json\/wp\/v2\/pages"}],"about":[{"href":"https:\/\/grupos.unican.es\/pasep\/wp-json\/wp\/v2\/types\/page"}],"author":[{"embeddable":true,"href":"https:\/\/grupos.unican.es\/pasep\/wp-json\/wp\/v2\/users\/2"}],"replies":[{"embeddable":true,"href":"https:\/\/grupos.unican.es\/pasep\/wp-json\/wp\/v2\/comments?post=1373"}],"version-history":[{"count":5,"href":"https:\/\/grupos.unican.es\/pasep\/wp-json\/wp\/v2\/pages\/1373\/revisions"}],"predecessor-version":[{"id":2005,"href":"https:\/\/grupos.unican.es\/pasep\/wp-json\/wp\/v2\/pages\/1373\/revisions\/2005"}],"wp:attachment":[{"href":"https:\/\/grupos.unican.es\/pasep\/wp-json\/wp\/v2\/media?parent=1373"}],"curies":[{"name":"wp","href":"https:\/\/api.w.org\/{rel}","templated":true}]}}