{"id":139,"date":"2018-06-20T11:32:41","date_gmt":"2018-06-20T11:32:41","guid":{"rendered":"https:\/\/grupos.unican.es\/pasep\/?page_id=139"},"modified":"2018-06-20T14:11:43","modified_gmt":"2018-06-20T14:11:43","slug":"publications-2012","status":"publish","type":"page","link":"https:\/\/grupos.unican.es\/pasep\/publications-2012\/","title":{"rendered":"PUBLICATIONS 2012"},"content":{"rendered":"<p style=\"text-align: justify;\">Arruti, A., Fern\u00e1ndez-Olmo, I., Irabien, A. <b>Evaluation<\/b><b> of <\/b><b>the<\/b> <b>urban<\/b><b>\/rural <\/b><b>particle-bound<\/b> <b>PAHs<\/b><b> and <\/b><b>PCBs<\/b> <b>levels<\/b><b> in <\/b><b>the<\/b> <b>Northern<\/b> <b>Spain<\/b><b> (Cantabria <\/b><b>region<\/b><b>). <\/b>Environmental Monitoring and Assessment 184, 6513-652650, 20-27, 2012.<\/p>\n<p style=\"text-align: justify;\">Bringas, E., K\u00f6ys\u00fcren, \u00d6., Quach, D.V., Mahmoudi, M., Aznar, E., Roehling, J.D., Marcos, M.D., Mart\u00ednez-M\u00e1\u00f1ez, R., Stroeve, P. <b>Triggered-release<\/b><b> in <\/b><b>lipid<\/b> <b>bilayer-capped<\/b> <b>mesoporous<\/b> <b>silica<\/b><b> nanoparticles <\/b><b>containing<\/b><b> SPION <\/b><b>using<\/b> <b>an<\/b> <b>alternating<\/b> <b>magnetic<\/b> <b>field<\/b><b>. <\/b>Chemical Communications 48, 5647-5649, 2012.<\/p>\n<p style=\"text-align: justify;\">Bringas, E., San rom\u00e1n, M.F:, Urtiaga, A.M., Ortiz, I. <b>Membrane<\/b> <b>contactors<\/b><b> (NDSX and EPT): <\/b><b>An<\/b> <b>innovative<\/b> <b>alternative<\/b> <b>for<\/b> <b>the<\/b> <b>treatment<\/b><b> of <\/b><b>effluents<\/b> <b>containing<\/b> <b>metallic<\/b> <b>pollutants<\/b>. International Journal of Environment and Waste Management 9 (3-4), 201-220, 2012.<\/p>\n<p style=\"text-align: justify;\">David, O.C., Zarca, G., Gorri, D., Urtiaga, A., Ortiz, I. <b>On<\/b> <b>the<\/b> <b>improved<\/b> <b>absorption<\/b><b> of CO in <\/b><b>the<\/b> <b>ionic<\/b> <b>liquid<\/b><b> 1-hexyl-3-methylimidazolium <\/b><b>chlorocuprate<\/b><b>. <\/b>Separation &amp; Purification Technology 97, 83-89, 2012.<\/p>\n<p style=\"text-align: justify;\">David, O.C., Gorri, D., Nijmeijer, K., Ortiz, I., Urtiaga, A. <b>Hydrogen<\/b> <b>separation<\/b> <b>from<\/b> <b>multicomponent<\/b><b> gas mixtures <\/b><b>containing<\/b><b> CO, N<\/b><b>2<\/b><b> and CO<\/b><b>2<\/b> <b>using<\/b> <b>Matrimid<\/b> <b>Asymmetric<\/b> <b>hollow<\/b> <b>fiber<\/b> <b>membranes<\/b><b>. <\/b>Journal of Membrane Science 419-420, 49-56, 2012.<\/p>\n<p style=\"text-align: justify;\">David, O.C., Gorri, D., Nijmeijer, K., Ortiz, I., Urtiaga, A. <b>Hydrogen<\/b> <b>separation<\/b> <b>from<\/b> <b>multicomponent<\/b><b> gas mixtures <\/b><b>containing<\/b><b> CO, N2 and CO2 <\/b><b>using<\/b> <b>Matrimid<\/b> <b>Asymmetric<\/b> <b>hollow<\/b> <b>fiber<\/b> <b>membranes<\/b><b>.<\/b> Procedia Engineering 44, 1117-1118, 2012.<\/p>\n<p style=\"text-align: justify;\">D\u00edaz, V., Ib\u00e1\u00f1ez, R., G\u00f3mez, P., Urtiaga, A.M., Ortiz, I. <b>Kinetics<\/b><b> of <\/b><b>nitrogen<\/b> <b>compounds<\/b><b> in a <\/b><b>commercial<\/b><b> marine <\/b><b>recirculating<\/b> <b>aquaculture<\/b> <b>system<\/b><b>. <\/b>Aquacultural Engineering 50, 20-27, 2012.<\/p>\n<p style=\"text-align: justify;\">Diban, N., Garc\u00eda, V., Alguacil, F., Ortiz, I., Urtiaga, A. <b>Temperature<\/b> <b>enhancement<\/b><b> of zinc and <\/b><b>iron<\/b> <b>separation<\/b> <b>from<\/b> <b>chromiun<\/b><b> (III) <\/b><b>passivation<\/b> <b>baths<\/b> <b>by<\/b> <b>emulsion<\/b> <b>pertraction<\/b> <b>technology<\/b><b>. <\/b>Industrial and Engineering Chemistry Research 51, 9867-9874, 2012.<\/p>\n<p style=\"text-align: justify;\">Faiz, R., Fallanza, M., Ortiz, I., Li, K. <b>Olefin<\/b><b>\/<\/b><b>paraffin<\/b> <b>separation<\/b> <b>using<\/b> <b>ceramic<\/b> <b>hollow<\/b> <b>fiber<\/b> <b>membrane<\/b> <b>contactors<\/b>. Procedia Engineering 44, 662-665, 2012.<\/p>\n<p style=\"text-align: justify;\">Fallanza, M., Ortiz, A., Gorri, D., Ortiz, I. <b>Experimental <\/b><b>study<\/b><b> of <\/b><b>the<\/b> <b>separation<\/b><b> of <\/b><b>propane<\/b><b>\/<\/b><b>propylene<\/b><b> mixtures <\/b><b>by<\/b> <b>supporte<\/b> <b>ionic<\/b> <b>liquid<\/b> <b>membranes<\/b> <b>containing<\/b><b> Ag<\/b><b>+<\/b><b>&#8211;<\/b><b>RTILs<\/b><b> as <\/b><b>carrier<\/b><b>. <\/b>Separation &amp; Purification Technology 97, 83-89, 2012.<\/p>\n<p style=\"text-align: justify;\">Fallanza, M., Ortiz, A., Gorri, D., Ortiz, I. <b>Comparison<\/b><b> of reactive <\/b><b>membranes<\/b> <b>containing<\/b> <b>ILs<\/b><b> in <\/b><b>the<\/b> <b>separation<\/b><b> of <\/b><b>gaseous<\/b> <b>olefin-paraffin<\/b><b> mixtures<\/b>. Procedia Engineering 44, 326-327, 2012.<\/p>\n<p style=\"text-align: justify;\">Garc\u00eda, V., Diban, N., Bringas, E., Ib\u00e1\u00f1ez, R., Ortiz, I., Urtiaga, A.M., <b>The<\/b><b> use of <\/b><b>emulsion<\/b> <b>pertraction<\/b> <b>technology<\/b><b> as <\/b><b>an<\/b><b> eco-<\/b><b>innovative<\/b> <b>membrane<\/b> <b>process<\/b> <b>for<\/b> <b>the<\/b> <b>galvanic<\/b> <b>industry<\/b><b>. <\/b>Procedia Engineering 44, 187-190, 2012.<\/p>\n<p style=\"text-align: justify;\">Ortiz-G\u00e1ndara, I., San Rom\u00e1n, M.F., Ortiz, I. <b>Competitive<\/b> <b>transport<\/b><b> of <\/b><b>hydrochloric<\/b> <b>acid<\/b><b> and zinc <\/b><b>chloride<\/b> <b>through<\/b> <b>diffusion<\/b> <b>dialysis<\/b><b> and <\/b><b>electrodialysis<\/b> <b>membranes<\/b><b>. <\/b><b>Recovery<\/b><b> of <\/b><b>spent<\/b> <b>pickling<\/b> <b>solutions<\/b>. Procedia Engineering 44, 987-988, 2012.<\/p>\n<p style=\"text-align: justify;\">P\u00e9rez, G., Saiz, J., Ib\u00e1\u00f1ez, R., Urtiaga, A.M., Ortiz, I. <b>Assessment<\/b><b> of <\/b><b>the<\/b> <b>formation<\/b><b> of <\/b><b>inorganic<\/b> <b>oxidation<\/b> <b>by-products<\/b> <b>during<\/b> <b>the<\/b> <b>electrocatalytic<\/b> <b>treatment<\/b><b> of <\/b><b>ammonium<\/b> <b>from<\/b> <b>landfill<\/b><b> leachates. <\/b>Water Research 46, 2579-2590, 2012.<\/p>\n<p style=\"text-align: justify;\">P\u00e9rez, G., Ib\u00e1\u00f1ez, R., Urtiaga, A.M., Ortiz, I. <b>Kinetic<\/b> <b>study<\/b><b> of <\/b><b>the<\/b> <b>simultaneous<\/b> <b>electrochemical<\/b> <b>removal<\/b><b> of <\/b><b>aqueous<\/b> <b>nitrogen<\/b> <b>compounds<\/b> <b>using<\/b><b> BDD <\/b><b>electrodes<\/b><b>. <\/b>Chemical Engineering Journal 197, 475-482, 2012.<\/p>\n<p style=\"text-align: justify;\">P\u00e9rez-Gonz\u00e1lez, A., Urtiaga, A.M., Ib\u00e1\u00f1ez, R., Ortiz, I. <b>State<\/b><b> of <\/b><b>the<\/b><b> art and <\/b><b>review<\/b> <b>on<\/b> <b>the<\/b> <b>treatment<\/b> <b>technologies<\/b><b> of <\/b><b>water<\/b><b> reverse osmosis <\/b><b>concentrates<\/b>. Water Research 46, 267-283, 2012.<\/p>\n<p style=\"text-align: justify;\">Pinedo, J., Ib\u00e1\u00f1ez, R., Irabien, A. <b>Risk<\/b> <b>assessment<\/b><b> of total <\/b><b>petroleum<\/b> <b>hydrocarbons<\/b><b> (TPH) <\/b><b>fractions<\/b><b>. <\/b>Chemical Engineering Transactions 28, 61-66, 2012.<\/p>\n<p style=\"text-align: justify;\">Pinedo, J., Primo, O., Ib\u00e1\u00f1ez, R., Irabien, A. <b>Hydrocarbon<\/b> <b>analysis<\/b> <b>for<\/b> <b>risk<\/b> <b>assessment<\/b><b> in <\/b><b>polluted<\/b> <b>soils<\/b><b>. <\/b>Chemical Engineering Transactions 28, 79-84, 2012.<\/p>\n<p style=\"text-align: justify;\">San Rom\u00e1n, M.F., Ortiz-G\u00e1ndara, I., Ib\u00e1\u00f1ez, R., Ortiz, I. <b>Hybrid<\/b> <b>membrane<\/b> <b>process<\/b> <b>for<\/b> <b>the<\/b> <b>recovery<\/b><b> of <\/b><b>major<\/b> <b>components<\/b><b> (zinc, <\/b><b>iron<\/b><b> and <\/b><b>HCl<\/b><b>) <\/b><b>from<\/b> <b>spent<\/b> <b>pickling<\/b> <b>effluents<\/b>. Journal of Membrane Science 415-416, 616-623, 2012.<\/p>\n<p style=\"text-align: justify;\">Urtiaga, A., Ortiz, I., Anglada, A., Mantzavinos, D., Diamadopoulos, E. <b>Kinetic<\/b> <b>modeling<\/b><b> of <\/b><b>the<\/b> <b>electrochemical<\/b> <b>removal<\/b><b> of <\/b><b>ammonia<\/b><b> and COD <\/b><b>from<\/b> <b>landfill<\/b><b> leachates<\/b>. Journal of Applied Electrochemistry 42, 779-786, 2012.<\/p>\n<p style=\"text-align: justify;\">Zarca, G., Ortiz, I., Urtiaga, A. <b>Gas <\/b><b>permeation<\/b> <b>properties<\/b><b> of 1-hexyl-3-methylimidazolium <\/b><b>chloride<\/b> <b>supporte<\/b> <b>liquid<\/b> <b>membranes<\/b>. Procedia Engineering 44, 114-116, 2012.<\/p>\n","protected":false},"excerpt":{"rendered":"<p>Arruti, A., Fern\u00e1ndez-Olmo, I., Irabien, A. Evaluation of the urban\/rural particle-bound PAHs and PCBs levels in the Northern Spain (Cantabria &hellip; <\/p>\n<p><a href=\"https:\/\/grupos.unican.es\/pasep\/publications-2012\/\" class=\"more-link\">Leer m\u00e1s<\/a><\/p>\n","protected":false},"author":2,"featured_media":0,"parent":0,"menu_order":0,"comment_status":"closed","ping_status":"closed","template":"","meta":{"footnotes":""},"class_list":["post-139","page","type-page","status-publish","hentry"],"_links":{"self":[{"href":"https:\/\/grupos.unican.es\/pasep\/wp-json\/wp\/v2\/pages\/139","targetHints":{"allow":["GET"]}}],"collection":[{"href":"https:\/\/grupos.unican.es\/pasep\/wp-json\/wp\/v2\/pages"}],"about":[{"href":"https:\/\/grupos.unican.es\/pasep\/wp-json\/wp\/v2\/types\/page"}],"author":[{"embeddable":true,"href":"https:\/\/grupos.unican.es\/pasep\/wp-json\/wp\/v2\/users\/2"}],"replies":[{"embeddable":true,"href":"https:\/\/grupos.unican.es\/pasep\/wp-json\/wp\/v2\/comments?post=139"}],"version-history":[{"count":2,"href":"https:\/\/grupos.unican.es\/pasep\/wp-json\/wp\/v2\/pages\/139\/revisions"}],"predecessor-version":[{"id":226,"href":"https:\/\/grupos.unican.es\/pasep\/wp-json\/wp\/v2\/pages\/139\/revisions\/226"}],"wp:attachment":[{"href":"https:\/\/grupos.unican.es\/pasep\/wp-json\/wp\/v2\/media?parent=139"}],"curies":[{"name":"wp","href":"https:\/\/api.w.org\/{rel}","templated":true}]}}