{"id":2985,"date":"2024-07-04T10:45:16","date_gmt":"2024-07-04T10:45:16","guid":{"rendered":"https:\/\/grupos.unican.es\/pasep\/?page_id=2985"},"modified":"2024-07-04T11:07:53","modified_gmt":"2024-07-04T11:07:53","slug":"publications-2022","status":"publish","type":"page","link":"https:\/\/grupos.unican.es\/pasep\/publications-2022\/","title":{"rendered":"PUBLICATIONS 2022"},"content":{"rendered":"\n<p>E. Abascal, L. G\u00f3mez-Coma, I. Ortiz, A. Ortiz. <strong>Global diagnosis of nitrate pollution in groundwater and review of removal technologies. <\/strong>Science of the total environment, 810, 152233, 2022.<\/p>\n\n\n\n<p class=\"has-text-align-left\">C. Barqu\u00edn, M.J. Rivero, I. Ortiz. <strong>Shedding light on the performance of magnetically recoverable TiO2\/Fe3O4\/rGO-5 photocatalyst. Degradation of S-metolachlor as case study<\/strong>. Chemosphere, 307, 135991, 2022<\/p>\n\n\n\n<p>M. Eti, A. Cihano\u011flu, E. G\u00fcler, L. G\u00f3mez Coma, E. Alt\u0131ok, M. Arda, I. Ortiz, N. Kabay<strong>. Further Development of Polyepichlorohydrin Based Anion Exchange Membranes for Reverse Electrodialysis by Tuning Cast Solution Properties<\/strong>. Membranes 12(12), 2022.<\/p>\n\n\n\n<p>C. Fern\u00e1ndez-Maza, M. Fallanza, L. G\u00f3mez-Coma, I. Ortiz. <strong>Performance of continuous-flow micro-reactors with curved geometries. Experimental and numerical analysis.<\/strong> Chemical Engineering Journal, 437, 135192, 2022.<\/p>\n\n\n\n<p>B. Garc\u00eda-Merino, E. Bringas, I. Ortiz<strong>. Robust system for the regenerative capture of aqueous pollutants with continuously synthesized and functionalized magnetic nanoparticles<\/strong>, Journal of Environmental Chemical Engineering 10(5), 108417, 2022<\/p>\n\n\n\n<p>B. Garc\u00eda-Merino, E. Bringas, I. Ortiz, <strong>Synthesis and applications of surface-modified magnetic nanoparticles: Progress and future prospects<\/strong>. Reviews in Chemical Engineering, 38(7), 821-842.<\/p>\n\n\n\n<p>L. G\u00f3mez-Coma, J.A. Abarca, M. Fallanza, A. Ortiz, R. Ib\u00e1\u00f1ez, I. Ortiz. <strong>Optimum recovery of saline gradient power using reversal electrodialysis: Influence of the stack components.<\/strong> Journal of Water Process Engineering, 48, 102816, 2022.<\/p>\n\n\n\n<p>V.M. Maestre, A. Ortiz, I. Ortiz. <strong>The role of hydrogen\u2010based power systems in the energy transition of the residential sector.<\/strong> Journal of Chemical Technology &amp; Biotechnology, 97(3), 561-574, 2022.<\/p>\n\n\n\n<p>V. M. Maestre, A. Ortiz, I. Ortiz. <strong>Implementation and Digitalization of a Renewable Hydrogen-based Power System for Social Housing Decarbonization. <\/strong>Chemical Engineering Transactions, 96, 223-228, 2022.<\/p>\n\n\n\n<p>V. M. Maestre, A. Ortiz, I. Ortiz. <strong>Transition to a low-carbon building stock. Techno-economic and spatial optimization of renewables\u2011hydrogen strategies in Spain.<\/strong> Journal of Energy Storage, 56, 105889, 2022.<\/p>\n\n\n\n<p>G. Moral, R. Ortiz-Imedio, A. Ortiz, D. Gorri, I. Ortiz. <strong>Hydrogen recovery from coke oven gas. Comparative analysis of technical alternatives. <\/strong>Industrial &amp; Engineering Chemistry Research, 61(18), 6106-6124, 2022.<\/p>\n\n\n\n<p>M. Rumayor, J. Corredor, M.J. Rivero, I. Ortiz. <strong>Prospective life cycle assessment of hydrogen production by waste photoreforming<\/strong>. Journal of Cleaner Production, 336, 130430, 2022.<\/p>\n\n\n\n<p>Y. Shen, M.J.M. de Vidales, G. Gorni, M.J. Rivero, I. Ortiz, A.J. Dos Santos-Garc\u00eda. <strong>Enhanced peroxymonosulfate activation in the morphotropic phase boundary of molybdenum doped LaCoO3-\u03b4 perovskite.<\/strong> Chemical Engineering Journal, 446, 137352, 2022.<\/p>\n\n\n\n<p>C. Trist\u00e1n, M. Fallanza, I. Grossmann, I. Ortiz, R. Ib\u00e1\u00f1ez. <strong>Generalized Disjunctive Programming Model for Optimization of Reverse Electrodialysis Process.<\/strong> IFAC-PapersOnLine, 55(31), 154-159, 2022.<\/p>\n","protected":false},"excerpt":{"rendered":"<p>E. Abascal, L. G\u00f3mez-Coma, I. Ortiz, A. Ortiz. Global diagnosis of nitrate pollution in groundwater and review of removal technologies. &hellip; <\/p>\n<p><a href=\"https:\/\/grupos.unican.es\/pasep\/publications-2022\/\" class=\"more-link\">Leer m\u00e1s<\/a><\/p>\n","protected":false},"author":2,"featured_media":0,"parent":0,"menu_order":0,"comment_status":"closed","ping_status":"closed","template":"","meta":{"footnotes":""},"class_list":["post-2985","page","type-page","status-publish","hentry"],"_links":{"self":[{"href":"https:\/\/grupos.unican.es\/pasep\/wp-json\/wp\/v2\/pages\/2985","targetHints":{"allow":["GET"]}}],"collection":[{"href":"https:\/\/grupos.unican.es\/pasep\/wp-json\/wp\/v2\/pages"}],"about":[{"href":"https:\/\/grupos.unican.es\/pasep\/wp-json\/wp\/v2\/types\/page"}],"author":[{"embeddable":true,"href":"https:\/\/grupos.unican.es\/pasep\/wp-json\/wp\/v2\/users\/2"}],"replies":[{"embeddable":true,"href":"https:\/\/grupos.unican.es\/pasep\/wp-json\/wp\/v2\/comments?post=2985"}],"version-history":[{"count":2,"href":"https:\/\/grupos.unican.es\/pasep\/wp-json\/wp\/v2\/pages\/2985\/revisions"}],"predecessor-version":[{"id":2987,"href":"https:\/\/grupos.unican.es\/pasep\/wp-json\/wp\/v2\/pages\/2985\/revisions\/2987"}],"wp:attachment":[{"href":"https:\/\/grupos.unican.es\/pasep\/wp-json\/wp\/v2\/media?parent=2985"}],"curies":[{"name":"wp","href":"https:\/\/api.w.org\/{rel}","templated":true}]}}