{"id":2988,"date":"2024-07-04T10:45:57","date_gmt":"2024-07-04T10:45:57","guid":{"rendered":"https:\/\/grupos.unican.es\/pasep\/?page_id=2988"},"modified":"2024-07-04T11:08:00","modified_gmt":"2024-07-04T11:08:00","slug":"publications-2023","status":"publish","type":"page","link":"https:\/\/grupos.unican.es\/pasep\/publications-2023\/","title":{"rendered":"PUBLICATIONS 2023"},"content":{"rendered":"\n<p>C. Barqu\u00edn, A. Vital-Grappin, I. Kumakiri, N. Diban, M.J. Rivero, A. Urtiaga, I. Ortiz. <strong>Performance of TiO2-Based Tubular Membranes in the Photocatalytic Degradation of Organic Compounds<\/strong>. Membranes, 13(4), 448, 2023.<\/p>\n\n\n\n<p>B. Garc\u00eda-Merino, E. Bringas, I. Ortiz. <strong>Fast and reliable analysis of pH-responsive nanocarriers for drug delivery using microfluidic tools.<\/strong> International Journal of Pharmaceutics, 643, 123232, 2023.<\/p>\n\n\n\n<p>C. Gonz\u00e1lez-Fern\u00e1ndez, C. \u00d6hlknecht, M. Diem, Y. Escalona, E. Bringas, G. Moncali\u00e1n, C. Oostenbrink, I. Ortiz. <strong>Insights into the Binding Mode of Lipid A to the Anti-lipopolysaccharide Factor ALFPm3 from Penaeus monodon: An In Silico Study through MD Simulations.<\/strong> Journal of Chemical Information and Modeling, 63(8), 2495, 2023.<\/p>\n\n\n\n<p>L. G\u00f3mez-Coma, G. D\u00edaz-Sainz, M. Fallanza, A. Ortiz, I. Ortiz. <strong>Integration of chemical engineering skills in the curriculum of a master course in industrial engineering<\/strong>. Education for Chemical Engineers, 45, 68-79, 2023.<\/p>\n\n\n\n<p>L. G\u00f3mez-Coma, D.L. Silva, A. Ortiz, C.M. Rangel, V.M. Ortiz-Mart\u00ednez, A.M. Pinto, I. Ortiz. <strong>Sustainable additives for the production of hydrogen via sodium borohydride hydrolysis<\/strong>. Applied Sciences, 13(12), 6995, 2023.<\/p>\n\n\n\n<p>C. Guati, L. Gomez-Coma, M. Fallanza, I. Ortiz. <strong>Optimized Copper-Based Microfeathers for Glucose Detection<\/strong>. Biosensors, 13(12), 1032, 2023.<\/p>\n\n\n\n<p>C. Guati, L. Gomez-Coma, M. Fallanza, I. Ortiz. <strong>Progress on the influence of non-enzymatic electrodes characteristics on the response to glucose detection: a review (2016\u20132022)<\/strong>. Reviews in Chemical Engineering, 2023.<\/p>\n\n\n\n<p>V.M. Maestre, A. Ortiz, I. Ortiz. <strong>Decarbonizing the Spanish transportation sector by 2050: design and techno-economic assessment of the hydrogen generation and supply chain<\/strong>. International Journal of Hydrogen Energy, 48(99), 39514-39530, 2023.<\/p>\n\n\n\n<p>V.M. Maestre, A. Ortiz, I. Ortiz<strong>. Design and Implementation of Renewable Hydrogen-Based System for Social Housing Decarbonization<\/strong>. ECS Transactions, 111(4), 67, 2023.<\/p>\n\n\n\n<p>V.M. Maestre, A. Ortiz, I. Ortiz, L.R. De Lope, L. D\u00edez, R. Ag\u00fcero. <strong>Digitalizing an Electrically Self-Sufficient Social Dwelling of Spain.<\/strong> Chemical Engineering Transactions, 105, 13-18, 2023.<\/p>\n\n\n\n<p>I. Ortiz, L. Ranca\u00f1o, M.J. Rivero, A. Urtiaga. <strong>Membrane-assisted Photocatalytic Degradation of Perfluorooctanoic Acid.<\/strong> Journal of Membrane Science and Research, 9(2), 2023.<\/p>\n\n\n\n<p>D. Pelayo, M.J. Rivero, G. Santos, P. G\u00f3mez, I. Ortiz. <strong>Techno-economic evaluation of UV light technologies in water remediation<\/strong>. Science of The Total Environment, 161376, 2023.<\/p>\n\n\n\n<p>T. Sampedro, C. Trist\u00e1n, L. G\u00f3mez-Coma, M. Fallanza, I. Ortiz, R. Iba\u00f1ez. D<strong>esign of a reverse electrodialysis plant for salinity gradient energy extraction in a coastal wastewater treatment plant. <\/strong>Membranes, 13(6), 546, 2023.<\/p>\n\n\n\n<p>S. Schr\u00f6der, M.F. San-Rom\u00e1n, I. Ortiz. <strong>Formation of polychlorinated dibenzo-p-dioxins and furans (PCDD\/Fs) in the electrochemical oxidation of polluted waters with pharmaceuticals used against COVID-19. <\/strong>Journal of Environmental Chemical Engineering, 109305, 2023.<\/p>\n\n\n\n<p>C. Trist\u00e1n, M. Fallanza, R. Ib\u00e1\u00f1ez, I. Ortiz, I.E. Grossmann. <strong>A generalized disjunctive programming model for the optimal design of reverse electrodialysis process for salinity gradient-based power Generation<\/strong>. Computers &amp; Chemical Engineering, 174,108196,2023.<\/p>\n\n\n\n<p>J. Veerman, L. G\u00f3mez-Coma, A. Ortiz, I. Ortiz. <strong>Resistance of Ion Exchange Membranes in Aqueous Mixtures of Monovalent and Divalent Ions and the Effect on Reverse Electrodialysis<\/strong>. Membranes, 13(3), 322, 2023.<\/p>\n","protected":false},"excerpt":{"rendered":"<p>C. Barqu\u00edn, A. Vital-Grappin, I. Kumakiri, N. Diban, M.J. Rivero, A. Urtiaga, I. Ortiz. Performance of TiO2-Based Tubular Membranes in &hellip; <\/p>\n<p><a href=\"https:\/\/grupos.unican.es\/pasep\/publications-2023\/\" class=\"more-link\">Leer m\u00e1s<\/a><\/p>\n","protected":false},"author":2,"featured_media":0,"parent":0,"menu_order":0,"comment_status":"closed","ping_status":"closed","template":"","meta":{"footnotes":""},"class_list":["post-2988","page","type-page","status-publish","hentry"],"_links":{"self":[{"href":"https:\/\/grupos.unican.es\/pasep\/wp-json\/wp\/v2\/pages\/2988","targetHints":{"allow":["GET"]}}],"collection":[{"href":"https:\/\/grupos.unican.es\/pasep\/wp-json\/wp\/v2\/pages"}],"about":[{"href":"https:\/\/grupos.unican.es\/pasep\/wp-json\/wp\/v2\/types\/page"}],"author":[{"embeddable":true,"href":"https:\/\/grupos.unican.es\/pasep\/wp-json\/wp\/v2\/users\/2"}],"replies":[{"embeddable":true,"href":"https:\/\/grupos.unican.es\/pasep\/wp-json\/wp\/v2\/comments?post=2988"}],"version-history":[{"count":3,"href":"https:\/\/grupos.unican.es\/pasep\/wp-json\/wp\/v2\/pages\/2988\/revisions"}],"predecessor-version":[{"id":2995,"href":"https:\/\/grupos.unican.es\/pasep\/wp-json\/wp\/v2\/pages\/2988\/revisions\/2995"}],"wp:attachment":[{"href":"https:\/\/grupos.unican.es\/pasep\/wp-json\/wp\/v2\/media?parent=2988"}],"curies":[{"name":"wp","href":"https:\/\/api.w.org\/{rel}","templated":true}]}}