{"id":951,"date":"2018-06-28T13:43:07","date_gmt":"2018-06-28T13:43:07","guid":{"rendered":"https:\/\/grupos.unican.es\/pasep\/?page_id=951"},"modified":"2021-03-17T10:56:25","modified_gmt":"2021-03-17T10:56:25","slug":"videos","status":"publish","type":"page","link":"https:\/\/grupos.unican.es\/pasep\/videos\/","title":{"rendered":"VIDEOS"},"content":{"rendered":"<h3>Proyect: LIFE-3E<\/h3>\n<p><iframe loading=\"lazy\" title=\"Proyecto europeo Life-3E\" width=\"960\" height=\"540\" src=\"https:\/\/www.youtube.com\/embed\/HpN1YE3Lrjg?feature=oembed\" frameborder=\"0\" allow=\"accelerometer; autoplay; clipboard-write; encrypted-media; gyroscope; picture-in-picture\" allowfullscreen><\/iframe><\/p>\n<h3>European Researchers \u00b4Night 2020 &#8211; PAS Research Group<\/h3>\n<p><iframe loading=\"lazy\" title=\"LNEI2020 - Ciencia en directo: Grupo Proceso Avanzados de Separaci\u00f3n (PAS)\" width=\"960\" height=\"540\" src=\"https:\/\/www.youtube.com\/embed\/eF4Lq3D0go8?list=PL04MoPUvYLBz9l-3ATowN7mg_xz3lcBHo\" frameborder=\"0\" allow=\"accelerometer; autoplay; clipboard-write; encrypted-media; gyroscope; picture-in-picture\" allowfullscreen><\/iframe><\/p>\n<h3>Science Week 2020 &#8211; Hydrogen, the energy of the future: production through renewable energy and applications<\/h3>\n<p><iframe loading=\"lazy\" title=\"Hydrogen, the energy of the future: production through renewable energy and applications\" width=\"960\" height=\"540\" src=\"https:\/\/www.youtube.com\/embed\/DL420ZS_y6U?feature=oembed\" frameborder=\"0\" allow=\"accelerometer; autoplay; clipboard-write; encrypted-media; gyroscope; picture-in-picture\" allowfullscreen><\/iframe><\/p>\n<h3><strong>A group of Chemical Engineering graduates from the UC have recorded a video to encourage young people to enroll in the Chemical Engineering Degree.\u00a0<\/strong><\/h3>\n<p><iframe loading=\"lazy\" title=\"\u00a1\u00a1\u00a1Estudia Ingenier\u00eda Qu\u00edmica en la UC!!!\" width=\"960\" height=\"540\" src=\"https:\/\/www.youtube.com\/embed\/B8tD0k4lZhI?feature=oembed\" frameborder=\"0\" allow=\"accelerometer; autoplay; clipboard-write; encrypted-media; gyroscope; picture-in-picture\" allowfullscreen><\/iframe><\/p>\n<h3>\u00abM\u00e1s all\u00e1 de la pandemia\u00bb initiative<\/h3>\n<p><iframe loading=\"lazy\" title=\"#M\u00e1sAll\u00e1DeLaPandemia: jab\u00f3n, un proceso qu\u00edmico\" width=\"960\" height=\"540\" src=\"https:\/\/www.youtube.com\/embed\/F5MTKQKrce0?feature=oembed\" frameborder=\"0\" allow=\"accelerometer; autoplay; clipboard-write; encrypted-media; gyroscope; picture-in-picture\" allowfullscreen><\/iframe><\/p>\n<h3>Progressive return to the face-to-face activity<\/h3>\n<p><iframe loading=\"lazy\" title=\"Comienza el retorno progresivo al laboratorio en la UC,\" width=\"960\" height=\"540\" src=\"https:\/\/www.youtube.com\/embed\/3nWV8xYDakU?feature=oembed\" frameborder=\"0\" allow=\"accelerometer; autoplay; clipboard-write; encrypted-media; gyroscope; picture-in-picture\" allowfullscreen><\/iframe><\/p>\n<h3>Yiran Chen explains her participation in Cooperavirus Project<\/h3>\n<p><iframe loading=\"lazy\" title=\"Cooperavirus, una iniciativa de j\u00f3venes emprendedores surgidos del programa Explorer\" width=\"960\" height=\"540\" src=\"https:\/\/www.youtube.com\/embed\/pwdxdNgNbR8?feature=oembed\" frameborder=\"0\" allow=\"accelerometer; autoplay; clipboard-write; encrypted-media; gyroscope; picture-in-picture\" allowfullscreen><\/iframe><\/p>\n<h3>PhD. Thesis Defense: Marta Herrero<\/h3>\n<p><iframe loading=\"lazy\" title=\"PhD  Thesis Defense Marta Herrero\" width=\"960\" height=\"720\" src=\"https:\/\/www.youtube.com\/embed\/exBFFE9UhRU?feature=oembed\" frameborder=\"0\" allow=\"accelerometer; autoplay; clipboard-write; encrypted-media; gyroscope; picture-in-picture\" allowfullscreen><\/iframe><\/p>\n<h3>PhD. Thesis Defense: \u00c1lvaro Soriano<\/h3>\n<p><iframe loading=\"lazy\" title=\"PhD  Thesis Defense Alvaro Soriano\" width=\"960\" height=\"720\" src=\"https:\/\/www.youtube.com\/embed\/th7zKEJQKeY?feature=oembed\" frameborder=\"0\" allow=\"accelerometer; autoplay; clipboard-write; encrypted-media; gyroscope; picture-in-picture\" allowfullscreen><\/iframe><\/p>\n<h3>PhD. Thesis Defense: Claudia Sol\u00e1<\/h3>\n<p><iframe loading=\"lazy\" title=\"PhD  Thesis Defense Claudia Sola\" width=\"960\" height=\"720\" src=\"https:\/\/www.youtube.com\/embed\/D1kCs2LKcrs?feature=oembed\" frameborder=\"0\" allow=\"accelerometer; autoplay; clipboard-write; encrypted-media; gyroscope; picture-in-picture\" allowfullscreen><\/iframe><\/p>\n<h3>Project XMEM<\/h3>\n<p><iframe loading=\"lazy\" title=\"Lanzamiento proyecto X MEM\" width=\"960\" height=\"540\" src=\"https:\/\/www.youtube.com\/embed\/ry1Wc6fQ3xQ?feature=oembed\" frameborder=\"0\" allow=\"accelerometer; autoplay; clipboard-write; encrypted-media; gyroscope; picture-in-picture\" allowfullscreen><\/iframe><\/p>\n<h3>Interreg SUDOE &#8216;KET4F-GAS&#8217;<\/h3>\n<p>https:\/\/www.facebook.com\/FUNDECYTPCTEx\/videos\/899647780422031\/<\/p>\n<h3>European Researcher\u00b4s Night<\/h3>\n<p>We are already working on the organization of the experiments for participating in the European Researcher\u00b4s Night. We are looking forward to seeing you at Pombo\u00b4s Square in Santander, next September 27\/09\/2019, from 18:30 to 22:00 h.<\/p>\n<p><iframe loading=\"lazy\" title=\"Resumen de la Noche Europea de los Investigadores 2018\" width=\"960\" height=\"540\" src=\"https:\/\/www.youtube.com\/embed\/wBrFp-oFNQg?feature=oembed\" frameborder=\"0\" allow=\"accelerometer; autoplay; clipboard-write; encrypted-media; gyroscope; picture-in-picture\" allowfullscreen><\/iframe><\/p>\n<h3>PhD. Thesis Defense: Pedro D\u00edaz Guridi<\/h3>\n<p><iframe loading=\"lazy\" title=\"PhD  Thesis Defense Pedro D\u00edaz Guridi\" width=\"960\" height=\"720\" src=\"https:\/\/www.youtube.com\/embed\/tUcuz6jFfa4?feature=oembed\" frameborder=\"0\" allow=\"accelerometer; autoplay; clipboard-write; encrypted-media; gyroscope; picture-in-picture\" allowfullscreen><\/iframe><\/p>\n<h3>H2 Bike prototype developed in the frame of PEMFC-SUDOE project<\/h3>\n<p><iframe loading=\"lazy\" title=\"H2 Bike presentation\" width=\"960\" height=\"720\" src=\"https:\/\/www.youtube.com\/embed\/FhP6qbN70uk?feature=oembed\" frameborder=\"0\" allow=\"accelerometer; autoplay; clipboard-write; encrypted-media; gyroscope; picture-in-picture\" allowfullscreen><\/iframe><\/p>\n<h3>PhD. Thesis Defense: Sandra S\u00e1nchez<\/h3>\n<p><iframe loading=\"lazy\" title=\"PhD  Thesis Defense Sandra Sanchez\" width=\"960\" height=\"720\" src=\"https:\/\/www.youtube.com\/embed\/4cvsDXvXv6k?feature=oembed\" frameborder=\"0\" allow=\"accelerometer; autoplay; clipboard-write; encrypted-media; gyroscope; picture-in-picture\" allowfullscreen><\/iframe><\/p>\n<h3>International Day of Women and Girls in Science<\/h3>\n<p><iframe loading=\"lazy\" title=\"Atrevete a Pensar como una Ingeniera Quimica\" width=\"960\" height=\"720\" src=\"https:\/\/www.youtube.com\/embed\/mxbibVsXy4w?feature=oembed\" frameborder=\"0\" allow=\"accelerometer; autoplay; clipboard-write; encrypted-media; gyroscope; picture-in-picture\" allowfullscreen><\/iframe><\/p>\n<h3>International Day of Women and Girls in Science<\/h3>\n<p>https:\/\/www.facebook.com\/UCDivulga\/videos\/404738660286631\/<\/p>\n<p>https:\/\/www.facebook.com\/UCDivulga\/videos\/2252080581706304\/<\/p>\n<p>https:\/\/www.facebook.com\/UCDivulga\/videos\/625220007948807\/<\/p>\n<p>https:\/\/www.facebook.com\/UCDivulga\/videos\/2237043166549187\/<\/p>\n<p>https:\/\/www.facebook.com\/UCDivulga\/videos\/357740264956010\/?__tn__=kC-R&#038;eid=ARCKaCsUaZb9P1AcJpwNj1-aMqF5Hkg-o6mv6GxNn-SnVi1fSI4ehMH_VxSakx4crURve6y61jpiu8Ju&#038;hc_ref=ARRUy3-IznHuLSXA0zkT0xo-9qxB50OCGr7SilYArtVcR5cBiNoroIqPqIQXKX-hjT8&#038;fref=nf&#038;__xts__[0]=68.ARDHKbNH6bQSsgOjay-3tTKVKmQTofHFgLNOa5QnUwFfountHsJLeZbZ00qux7kVNjUejp8iQV4igcu_qooW-5m6UsU2eSsOP0SG3o-7vDnLt3xMFyfjb1BZ_2Fzsda9rjCvZ9W6Rx089dgsR4L5RerkOCPoDcIevuAXixhB3dZp5NLlbpg7h9a8CIt4xvqKmCpTWqAZge0oyrzIynLfOSE90TAwzNlC2IHq-Q23Z9NljfQPsLNg_H2RXPeeFvZKfUzuoPv23k4kT1N-i4Royk9sIQ3WYvbSzGPsJVXLuuzhZj-PoMlkFBuKryF2GEwsTkx_KrHaS-bPNNt9xAingzE30aPfoPTY2-B8Ux6K4zZAvrb9Bo51rLlT0TP9AfckQnsI<\/p>\n<p>https:\/\/www.facebook.com\/UCDivulga\/videos\/250461289198478\/<\/p>\n<p>https:\/\/www.facebook.com\/UCDivulga\/videos\/306531596673339\/?epa=SEARCH_BOX<\/p>\n<p>https:\/\/www.facebook.com\/UCDivulga\/videos\/299436667436934\/<\/p>\n<p>https:\/\/www.facebook.com\/UCDivulga\/videos\/2032690310363466\/<\/p>\n<h3><\/h3>\n<h3>Entrepreneurs Competition: Prof. Inmaculada Ortiz Uribe<\/h3>\n<p>https:\/\/www.facebook.com\/eldiariomontanes.es\/videos\/341038116514936\/<\/p>\n<h3>PhD. Thesis Defense: Beatriz G\u00f3mez Ruiz<\/h3>\n<p><iframe loading=\"lazy\" title=\"PhD Thesis Defense Beatriz Gomez\" width=\"960\" height=\"720\" src=\"https:\/\/www.youtube.com\/embed\/AlstwXFsNY4?feature=oembed\" frameborder=\"0\" allow=\"accelerometer; autoplay; clipboard-write; encrypted-media; gyroscope; picture-in-picture\" allowfullscreen><\/iframe><\/p>\n<h3>FDA Inspection<\/h3>\n<p><iframe loading=\"lazy\" title=\"Dos laboratorios UC obtienen aprobaci\u00f3n FDA\" width=\"960\" height=\"540\" src=\"https:\/\/www.youtube.com\/embed\/AfCxdailXuU?feature=oembed\" frameborder=\"0\" allow=\"accelerometer; autoplay; clipboard-write; encrypted-media; gyroscope; picture-in-picture\" allowfullscreen><\/iframe><\/p>\n<h3>Professional Promotion: Dr. Manuel \u00c1lvarez<\/h3>\n<p><iframe loading=\"lazy\" title=\"Manuel Alvarez Guerra 11 01 2019\" width=\"960\" height=\"720\" src=\"https:\/\/www.youtube.com\/embed\/wK96S5bNk10?feature=oembed\" frameborder=\"0\" allow=\"accelerometer; autoplay; clipboard-write; encrypted-media; gyroscope; picture-in-picture\" allowfullscreen><\/iframe><\/p>\n<h3>Professional Promotion: Dr. Alfredo Ortiz<\/h3>\n<p><iframe loading=\"lazy\" title=\"Alfredo Ortiz Sainz de Aja 08 01 2019\" width=\"960\" height=\"720\" src=\"https:\/\/www.youtube.com\/embed\/OQI1znBVLxQ?feature=oembed\" frameborder=\"0\" allow=\"accelerometer; autoplay; clipboard-write; encrypted-media; gyroscope; picture-in-picture\" allowfullscreen><\/iframe><\/p>\n<h3>Project \u00abCiencia con Arte\u00bb<\/h3>\n<p><iframe loading=\"lazy\" title=\"Reuni\u00f3n UC - IES Ocho de Marzo. Ciencia con Arte\" width=\"960\" height=\"540\" src=\"https:\/\/www.youtube.com\/embed\/rEof9R7qrng?feature=oembed\" frameborder=\"0\" allow=\"accelerometer; autoplay; clipboard-write; encrypted-media; gyroscope; picture-in-picture\" allowfullscreen><\/iframe><\/p>\n<h3>PhD. THESIS DEFENSE: JUAN ANDR\u00c9S \u00c1LVAREZ<\/h3>\n<p><iframe loading=\"lazy\" title=\"Juan Andres PhD  Thesis Defense\" width=\"960\" height=\"720\" src=\"https:\/\/www.youtube.com\/embed\/FwCcb1uCQQw?feature=oembed\" frameborder=\"0\" allow=\"accelerometer; autoplay; clipboard-write; encrypted-media; gyroscope; picture-in-picture\" allowfullscreen><\/iframe><\/p>\n<h3>Project \u00abLa Universidad en tu Barrio\u00bb<\/h3>\n<p><iframe loading=\"lazy\" title=\"La Universidad en tu barrio - UC\" width=\"960\" height=\"540\" src=\"https:\/\/www.youtube.com\/embed\/tK1cZAjUQes?feature=oembed\" frameborder=\"0\" allow=\"accelerometer; autoplay; clipboard-write; encrypted-media; gyroscope; picture-in-picture\" allowfullscreen><\/iframe><\/p>\n<h3>PhD. THESIS DEFENSE: RA\u00daL ZARCA LAGO<\/h3>\n<p><iframe loading=\"lazy\" title=\"PhD  Thesis Defense Raul Zarca\" width=\"960\" height=\"720\" src=\"https:\/\/www.youtube.com\/embed\/Nvcfs3VUFK8?feature=oembed\" frameborder=\"0\" allow=\"accelerometer; autoplay; clipboard-write; encrypted-media; gyroscope; picture-in-picture\" allowfullscreen><\/iframe><\/p>\n<h3>CHEMISTRY NOBEL PRIZE BY PROF. RAQUEL IB\u00c1\u00d1EZ<\/h3>\n<p><iframe loading=\"lazy\" title=\"Premio Nobel Qu\u00edmica 2018\" width=\"960\" height=\"540\" src=\"https:\/\/www.youtube.com\/embed\/6Jw8e17ihQ0?feature=oembed\" frameborder=\"0\" allow=\"accelerometer; autoplay; clipboard-write; encrypted-media; gyroscope; picture-in-picture\" allowfullscreen><\/iframe><\/p>\n<h3>THEATRE DURING THE EUROPEAN RESEARCHERS NIGHT 2018<\/h3>\n<p><iframe loading=\"lazy\" title=\"La huella de Carbono - Carbon Footprint\" width=\"960\" height=\"720\" src=\"https:\/\/www.youtube.com\/embed\/4WNOR9YrY8Q?start=2&#038;feature=oembed\" frameborder=\"0\" allow=\"accelerometer; autoplay; clipboard-write; encrypted-media; gyroscope; picture-in-picture\" allowfullscreen><\/iframe><\/p>\n<h3>PAULA RIBAO\u00b4S PhD. THESIS DISSERTATION<\/h3>\n<p><iframe loading=\"lazy\" title=\"Video Tesis Paula\" width=\"960\" height=\"720\" src=\"https:\/\/www.youtube.com\/embed\/8WaBnpd5dS4?feature=oembed\" frameborder=\"0\" allow=\"accelerometer; autoplay; clipboard-write; encrypted-media; gyroscope; picture-in-picture\" allowfullscreen><\/iframe><\/p>\n<h3>ECO-DESIGN (MASTER ON CHEMICAL ENGINEERING UC-UPV\/EHU)<\/h3>\n<p><iframe loading=\"lazy\" title=\"ECODISE\u00d1O 2017 2018\" width=\"960\" height=\"720\" src=\"https:\/\/www.youtube.com\/embed\/-ayWCp56Kaw?feature=oembed\" frameborder=\"0\" allow=\"accelerometer; autoplay; clipboard-write; encrypted-media; gyroscope; picture-in-picture\" allowfullscreen><\/iframe><\/p>\n<h3>EUROPEAN PROJECT \u00abHYLANTIC\u00bb<\/h3>\n<p><iframe loading=\"lazy\" title=\"Obtener hidr\u00f3geno en la regi\u00f3n atl\u00e1ntica, objetivo de HYLANTIC\" width=\"960\" height=\"540\" src=\"https:\/\/www.youtube.com\/embed\/L3Bu0DKxanA?feature=oembed\" frameborder=\"0\" allow=\"accelerometer; autoplay; clipboard-write; encrypted-media; gyroscope; picture-in-picture\" allowfullscreen><\/iframe><\/p>\n<h3>EUROPEAN PROJECT \u00abPEMFC-SUDOE\u00bb<\/h3>\n<p><iframe loading=\"lazy\" title=\"Proyecto para impulsar la tecnolog\u00eda de las pilas de hidr\u00f3geno\" width=\"960\" height=\"540\" src=\"https:\/\/www.youtube.com\/embed\/hNiy1RPUq1k?feature=oembed\" frameborder=\"0\" allow=\"accelerometer; autoplay; clipboard-write; encrypted-media; gyroscope; picture-in-picture\" allowfullscreen><\/iframe><\/p>\n<p><iframe loading=\"lazy\" title=\"Grupo de Investigaci\u00f3n Procesos Avanzados de Separaci\u00f3n de la UC\" width=\"960\" height=\"540\" src=\"https:\/\/www.youtube.com\/embed\/XTsFGiPRJx8?feature=oembed\" frameborder=\"0\" allow=\"accelerometer; autoplay; clipboard-write; encrypted-media; gyroscope; picture-in-picture\" allowfullscreen><\/iframe><\/p>\n<h3>JUAN MAR\u00cdA PAR\u00c9S AWARD<\/h3>\n<p><iframe loading=\"lazy\" title=\"Premio de Investigaci\u00f3n del Consejo Social para Inmaculada Ortiz Uribe\" width=\"960\" height=\"540\" src=\"https:\/\/www.youtube.com\/embed\/3ol3QxWv0Ac?feature=oembed\" frameborder=\"0\" allow=\"accelerometer; autoplay; clipboard-write; encrypted-media; gyroscope; picture-in-picture\" allowfullscreen><\/iframe><\/p>\n<h3>PINT OF SCIENCE 2018<\/h3>\n<p><iframe loading=\"lazy\" title=\"Pint of Science 2018, Estudiando el cerebro\" width=\"960\" height=\"540\" src=\"https:\/\/www.youtube.com\/embed\/doMe26BNoX4?feature=oembed\" frameborder=\"0\" allow=\"accelerometer; autoplay; clipboard-write; encrypted-media; gyroscope; picture-in-picture\" allowfullscreen><\/iframe><\/p>\n<h3>MASTER IN CHEMICAL ENGINEERING<\/h3>\n<p><iframe loading=\"lazy\" title=\"M\u00e1ster Universitario en Ingenier\u00eda Qu\u00edmica\" width=\"960\" height=\"540\" src=\"https:\/\/www.youtube.com\/embed\/OWaWMxQhmG8?feature=oembed\" frameborder=\"0\" allow=\"accelerometer; autoplay; clipboard-write; encrypted-media; gyroscope; picture-in-picture\" allowfullscreen><\/iframe><\/p>\n<h3>MEMBRANE TECHNOLOGY APPLIED TO DESALINATION<\/h3>\n<p><iframe loading=\"lazy\" title=\"Tecnolog\u00edas de membrana aplicadas a procesos de desalaci\u00f3n m\u00e1s sostenibles\" width=\"960\" height=\"540\" src=\"https:\/\/www.youtube.com\/embed\/S-mtwac_z_k?feature=oembed\" frameborder=\"0\" allow=\"accelerometer; autoplay; clipboard-write; encrypted-media; gyroscope; picture-in-picture\" allowfullscreen><\/iframe><\/p>\n<h3>EUROPEAN RESEARCHERS NIGHT 2017<\/h3>\n<p><iframe loading=\"lazy\" title=\"#ERN2017STD - V\u00eddeo resumen\" width=\"960\" height=\"540\" src=\"https:\/\/www.youtube.com\/embed\/JdjgEaD7N50?feature=oembed\" frameborder=\"0\" allow=\"accelerometer; autoplay; clipboard-write; encrypted-media; gyroscope; picture-in-picture\" allowfullscreen><\/iframe><\/p>\n<h3>PINT OF SCIENCE 2017<\/h3>\n<p><iframe loading=\"lazy\" title=\"De \u00e1tomos a galaxias. Nazely Diban y Mar\u00eda Margallo\" width=\"960\" height=\"540\" src=\"https:\/\/www.youtube.com\/embed\/OnEuOggJ69M?feature=oembed\" frameborder=\"0\" allow=\"accelerometer; autoplay; clipboard-write; encrypted-media; gyroscope; picture-in-picture\" allowfullscreen><\/iframe><\/p>\n<h3>MARIANA D\u00cdAZ \u00b4S PHD. DISSERTATION<\/h3>\n<p><iframe loading=\"lazy\" title=\"Mariana D\u00edaz\u00b4s PhD Dissertation\" width=\"960\" height=\"720\" src=\"https:\/\/www.youtube.com\/embed\/tEh6MmUcJP0?feature=oembed\" frameborder=\"0\" allow=\"accelerometer; autoplay; clipboard-write; encrypted-media; gyroscope; picture-in-picture\" allowfullscreen><\/iframe><\/p>\n<h3>INTERNATIONAL DAY \u00abWOMEN &amp; GIRLS IN SCIENCE\u00bb<\/h3>\n<p><iframe loading=\"lazy\" title=\"Jovenes Ingenieras Investigadoras DptoIQ  de la UC\" width=\"960\" height=\"720\" src=\"https:\/\/www.youtube.com\/embed\/pKuAa55y6jA?feature=oembed\" frameborder=\"0\" allow=\"accelerometer; autoplay; clipboard-write; encrypted-media; gyroscope; picture-in-picture\" allowfullscreen><\/iframe><\/p>\n<h3>CHEM-E-CAR COMPETITION 2017<\/h3>\n<p><iframe loading=\"lazy\" title=\"Competici\u00f3n Chem-E-Car\" width=\"960\" height=\"540\" src=\"https:\/\/www.youtube.com\/embed\/_bwu81hxiKY?feature=oembed\" frameborder=\"0\" allow=\"accelerometer; autoplay; clipboard-write; encrypted-media; gyroscope; picture-in-picture\" allowfullscreen><\/iframe><\/p>\n<h3><strong>2 MINUTES THESIS &#8211; ETSIIT<\/strong><\/h3>\n<h4>SANDRA S\u00c1NCHEZ<\/h4>\n<p><iframe loading=\"lazy\" title=\"Sandra S\u00e1nchez - Nuevos pol\u00edmeros funcionalizados como soporte para regeneraci\u00f3n de tejido neuronal\" width=\"960\" height=\"540\" src=\"https:\/\/www.youtube.com\/embed\/Y2XzYSRnH3U?feature=oembed\" frameborder=\"0\" allow=\"accelerometer; autoplay; clipboard-write; encrypted-media; gyroscope; picture-in-picture\" allowfullscreen><\/iframe><\/p>\n<h4>MARTA HERRERO<\/h4>\n<p><iframe loading=\"lazy\" title=\"Marta Herrero - Mejora energ\u00e9tica y econ\u00f3mica de un proceso de electrodi\u00e1lisis ...\" width=\"960\" height=\"540\" src=\"https:\/\/www.youtube.com\/embed\/6_kFXc4Azo0?feature=oembed\" frameborder=\"0\" allow=\"accelerometer; autoplay; clipboard-write; encrypted-media; gyroscope; picture-in-picture\" allowfullscreen><\/iframe><\/p>\n<h4>ADHAM NORKOBILOV<\/h4>\n<p><iframe loading=\"lazy\" title=\"Carlos Escudero - Procesos de oxidaci\u00f3n aplicados al tratamiento de efluentes contaminados\" width=\"960\" height=\"540\" src=\"https:\/\/www.youtube.com\/embed\/IvMXORCVgJc?feature=oembed\" frameborder=\"0\" allow=\"accelerometer; autoplay; clipboard-write; encrypted-media; gyroscope; picture-in-picture\" allowfullscreen><\/iframe><\/p>\n<h4>CLAUDIA SOL\u00c1<\/h4>\n<p><iframe loading=\"lazy\" title=\"Claudia Sol\u00e1 - Estudio de la formaci\u00f3n de dioxinas durante el tratamiento de aguas residuales\" width=\"960\" height=\"540\" src=\"https:\/\/www.youtube.com\/embed\/LWr9onIUsJE?feature=oembed\" frameborder=\"0\" allow=\"accelerometer; autoplay; clipboard-write; encrypted-media; gyroscope; picture-in-picture\" allowfullscreen><\/iframe><\/p>\n<h4>MAR\u00cdA Y\u00c1\u00d1EZ<\/h4>\n<p><iframe loading=\"lazy\" title=\"Mar\u00eda Ya\u00f1ez - Recuperaci\u00f3n de hidr\u00f3geno de corrientes gaseosas residuales...\" width=\"960\" height=\"540\" src=\"https:\/\/www.youtube.com\/embed\/Oh7hTqUpb7U?feature=oembed\" frameborder=\"0\" allow=\"accelerometer; autoplay; clipboard-write; encrypted-media; gyroscope; picture-in-picture\" allowfullscreen><\/iframe><\/p>\n<h3><strong>CHEMISTRY NOBEL PRIZE BY PROF. \u00c1NGEL IRABIEN<\/strong><\/h3>\n<p><iframe loading=\"lazy\" title=\"Premio Nobel de Qu\u00edmica 2016, por \u00c1ngel Irabien, profesor de la UC\" width=\"960\" height=\"540\" src=\"https:\/\/www.youtube.com\/embed\/O25mDl4XTgs?feature=oembed\" frameborder=\"0\" allow=\"accelerometer; autoplay; clipboard-write; encrypted-media; gyroscope; picture-in-picture\" allowfullscreen><\/iframe><\/p>\n","protected":false},"excerpt":{"rendered":"<p>Proyect: LIFE-3E European Researchers \u00b4Night 2020 &#8211; PAS Research Group Science Week 2020 &#8211; Hydrogen, the energy of the future: &hellip; <\/p>\n<p><a href=\"https:\/\/grupos.unican.es\/pasep\/videos\/\" class=\"more-link\">Leer m\u00e1s<\/a><\/p>\n","protected":false},"author":2,"featured_media":0,"parent":0,"menu_order":0,"comment_status":"closed","ping_status":"closed","template":"","meta":{"footnotes":""},"class_list":["post-951","page","type-page","status-publish","hentry"],"_links":{"self":[{"href":"https:\/\/grupos.unican.es\/pasep\/wp-json\/wp\/v2\/pages\/951","targetHints":{"allow":["GET"]}}],"collection":[{"href":"https:\/\/grupos.unican.es\/pasep\/wp-json\/wp\/v2\/pages"}],"about":[{"href":"https:\/\/grupos.unican.es\/pasep\/wp-json\/wp\/v2\/types\/page"}],"author":[{"embeddable":true,"href":"https:\/\/grupos.unican.es\/pasep\/wp-json\/wp\/v2\/users\/2"}],"replies":[{"embeddable":true,"href":"https:\/\/grupos.unican.es\/pasep\/wp-json\/wp\/v2\/comments?post=951"}],"version-history":[{"count":55,"href":"https:\/\/grupos.unican.es\/pasep\/wp-json\/wp\/v2\/pages\/951\/revisions"}],"predecessor-version":[{"id":2643,"href":"https:\/\/grupos.unican.es\/pasep\/wp-json\/wp\/v2\/pages\/951\/revisions\/2643"}],"wp:attachment":[{"href":"https:\/\/grupos.unican.es\/pasep\/wp-json\/wp\/v2\/media?parent=951"}],"curies":[{"name":"wp","href":"https:\/\/api.w.org\/{rel}","templated":true}]}}